{"id":20340,"date":"2021-12-10T12:07:50","date_gmt":"2021-12-10T11:07:50","guid":{"rendered":"https:\/\/cafescivit.com\/?page_id=20340"},"modified":"2023-09-11T09:19:12","modified_gmt":"2023-09-11T07:19:12","slug":"politica-privacidad","status":"publish","type":"page","link":"https:\/\/cafescivit.com\/ca\/politica-privacidad\/","title":{"rendered":"Pol\u00edtica de Privadesa"},"content":{"rendered":"<div data-elementor-type=\"wp-page\" data-elementor-id=\"20340\" class=\"elementor elementor-20340\">\n\t\t\t\t\t\t<section class=\"elementor-section elementor-top-section elementor-element elementor-element-269b0194 elementor-section-boxed elementor-section-height-default elementor-section-height-default sc_fly_static\" data-id=\"269b0194\" data-element_type=\"section\">\n\t\t\t\t\t\t<div class=\"elementor-container elementor-column-gap-extended\">\n\t\t\t\t\t<div class=\"elementor-column elementor-col-100 elementor-top-column elementor-element elementor-element-65b5b35e sc_inner_width_none sc_content_align_inherit sc_layouts_column_icons_position_left sc_fly_static\" data-id=\"65b5b35e\" data-element_type=\"column\">\n\t\t\t<div class=\"elementor-widget-wrap elementor-element-populated\">\n\t\t\t\t\t\t<div class=\"elementor-element elementor-element-e0681bb sc_fly_static elementor-widget elementor-widget-heading\" data-id=\"e0681bb\" data-element_type=\"widget\" data-widget_type=\"heading.default\">\n\t\t\t\t<div class=\"elementor-widget-container\">\n\t\t\t\t\t<h2 class=\"elementor-heading-title elementor-size-default\">Pol\u00edtica de Privadesa<\/h2>\t\t\t\t<\/div>\n\t\t\t\t<\/div>\n\t\t\t\t\t<\/div>\n\t\t<\/div>\n\t\t\t\t\t<\/div>\n\t\t<\/section>\n\t\t\t\t<section class=\"elementor-section elementor-top-section elementor-element elementor-element-1f33da17 elementor-section-boxed elementor-section-height-default elementor-section-height-default sc_fly_static\" data-id=\"1f33da17\" data-element_type=\"section\">\n\t\t\t\t\t\t<div class=\"elementor-container elementor-column-gap-extended\">\n\t\t\t\t\t<div class=\"elementor-column elementor-col-100 elementor-top-column elementor-element elementor-element-2603053f sc_inner_width_none sc_content_align_inherit sc_layouts_column_icons_position_left sc_fly_static\" data-id=\"2603053f\" data-element_type=\"column\">\n\t\t\t<div class=\"elementor-widget-wrap elementor-element-populated\">\n\t\t\t\t\t\t<div class=\"elementor-element elementor-element-3171bb0f sc_height_large sc_fly_static elementor-widget elementor-widget-spacer\" data-id=\"3171bb0f\" data-element_type=\"widget\" data-widget_type=\"spacer.default\">\n\t\t\t\t<div class=\"elementor-widget-container\">\n\t\t\t\t\t\t\t<div class=\"elementor-spacer\">\n\t\t\t<div class=\"elementor-spacer-inner\"><\/div>\n\t\t<\/div>\n\t\t\t\t\t\t<\/div>\n\t\t\t\t<\/div>\n\t\t\t\t\t<\/div>\n\t\t<\/div>\n\t\t\t\t\t<\/div>\n\t\t<\/section>\n\t\t\t\t<section class=\"elementor-section elementor-top-section elementor-element elementor-element-29fe2750 elementor-section-boxed elementor-section-height-default elementor-section-height-default sc_fly_static\" data-id=\"29fe2750\" data-element_type=\"section\">\n\t\t\t\t\t\t<div class=\"elementor-container elementor-column-gap-extended\">\n\t\t\t\t\t<div class=\"elementor-column elementor-col-100 elementor-top-column elementor-element elementor-element-16b306f4 sc_inner_width_none sc_content_align_inherit sc_layouts_column_icons_position_left sc_fly_static\" data-id=\"16b306f4\" data-element_type=\"column\">\n\t\t\t<div class=\"elementor-widget-wrap elementor-element-populated\">\n\t\t\t\t\t\t<div class=\"elementor-element elementor-element-ce507ff sc_fly_static elementor-widget elementor-widget-text-editor\" data-id=\"ce507ff\" data-element_type=\"widget\" data-widget_type=\"text-editor.default\">\n\t\t\t\t<div class=\"elementor-widget-container\">\n\t\t\t\t\t\t\t\t\t<p>Los datos personales que el cliente debe facilitarnos son indispensables para el env\u00edo de los pedidos y redacci\u00f3n de facturas. La ausencia de estos datos conllevar\u00e1 la anulaci\u00f3n autom\u00e1tica de los pedidos. Al inscribirse en la p\u00e1gina, el cliente se compromete a proporcionarnos datos personales v\u00e1lidos, datos que permiten la prestaci\u00f3n del servicio por parte de POLYMAT SOLUTIONS S.L. \/ CAF\u00c9S CIVIT S.A. y la correcta identificaci\u00f3n del cliente registrado, as\u00ed como el env\u00edo de informaci\u00f3n y publicidad de los diferentes productos y ofertas que POLYMAT SOLUTIONS S.L. \/ CAF\u00c9S CIVIT S.A.\u00a0 pueda tener en sus p\u00e1ginas web.<\/p><ul><li><h6><span style=\"font-family: 'Lilita One'; color: #000000;\"><strong>QU\u00c9 DATOS RECOGEMOS<\/strong><\/span><\/h6><\/li><\/ul><ul><li>Datos personales<\/li><li>Formularios de contacto<\/li><li>Cookies<\/li><li>Contenido incrustado de otros sitios web<\/li><li>Anal\u00edtica<\/li><\/ul><ul><li><h6><span style=\"color: #000000; font-family: 'Lilita One';\"><strong>CON QU\u00c9 FINALIDAD COMPARTIMOS LOS DATOS<\/strong><\/span><\/h6><\/li><\/ul><p>Para garantizar el cumplimiento de las condiciones de uso y la ley aplicable. Esto puede incluir el desarrollo de herramientas y algoritmos que ayudan a esta web a garantizar la confidencialidad de los datos personales que recoge.<\/p><p>Asimismo, la Empresa podr\u00e1 tratar sus datos para gestionar su registro como usuario de este sitio web, para gestionar sus compras, atender sus consultas, cumplir con sus obligaciones legales, mejorar nuestros servicios y productos y, cuando as\u00ed lo solicite, enviarle comunicaciones personalizadas.<\/p><p>Tambi\u00e9n se recogen otros datos no identificativos que se obtienen mediante algunas cookies que se descargan en el ordenador del usuario cuando navega en esta web que est\u00e1n detalladas en la pol\u00edtica de cookies.<\/p><p>La Empresa no vende, alquila ni cede datos de car\u00e1cter personal que puedan identificar al usuario, ni lo har\u00e1 en el futuro, a terceros sin el consentimiento previo. Sin embargo, en algunos casos se pueden realizar colaboraciones con otros profesionales, en esos casos, se requerir\u00e1 consentimiento a los usuarios informando sobre la identidad del colaborador y la finalidad de la colaboraci\u00f3n. Siempre se realizar\u00e1 con los m\u00e1s estrictos est\u00e1ndares de seguridad.<\/p><ul><li><h6><strong>CON QUI\u00c9N COMPARTIMOS LOS DATOS Y DURANTE CU\u00c1NTO TIEMPO<\/strong><\/h6><\/li><\/ul><p>Los datos recogidos no ser\u00e1n cedidos o tratados por terceras personas, sin el previo consentimiento del cliente, salvo en aquellos casos en los que fuere imprescindible para la correcta prestaci\u00f3n del servicio o exista una obligaci\u00f3n legal.<\/p><p>Los datos personales proporcionados se conservar\u00e1n mientras se mantenga la relaci\u00f3n con la entidad y no se solicite su supresi\u00f3n por el interesado, ser\u00e1n conservados conforme a los plazos legales establecidos en la legislaci\u00f3n aplicable, tomando como referencia la \u00faltima comunicaci\u00f3n.<\/p><ul><li><h6><strong>DERECHOS, C\u00d3MO EJERCERLOS, Y LEYES EN LAS QUE BASAMOS NUESTRA POL\u00cdTICA DE PRIVACIDAD<\/strong><\/h6><\/li><\/ul><p>La Empresa garantiza el ejercicio de sus derechos. A tal fin, puede usted dirigirse a la empresa a su direcci\u00f3n postal o bien a la direcci\u00f3n de email facilitada en el presente documento con la finalidad de ejercer los siguientes derechos:<\/p><ul><li>Derecho a solicitar el acceso a los datos personales relativos al interesado.<\/li><li>Derecho a solicitar su rectificaci\u00f3n o supresi\u00f3n.<\/li><li>Derecho a solicitar la limitaci\u00f3n de su tratamiento.<\/li><li>Derecho a oponerse al tratamiento.<\/li><li>Derecho a la portabilidad de los datos.<\/li><\/ul><p>Puede usted solicitar los formularios necesarios para el ejercicio de estos derechos enviando un correo electr\u00f3nico a la direcci\u00f3n de email facilitada en el presente documento.<\/p><p>Dado el car\u00e1cter personal\u00edsimo del ejercicio de cualquiera de estos derechos usted deber\u00e1 adjuntar a la solicitud copia de su carnet de identidad o documento acreditativo equivalente.<\/p><p>Puede usted dirigirse a la Agencia Espa\u00f1ola de protecci\u00f3n de Datos para obtener informaci\u00f3n adicional acerca de sus derechos o presentar una reclamaci\u00f3n ante la misma, especialmente cuando no haya obtenido satisfacci\u00f3n en el ejercicio de sus derechos, obteniendo toda la informaci\u00f3n necesaria para ello a trav\u00e9s de la web www.agpd.es<\/p><ul><li><h6><strong>Leyes en las que basamos nuestra pol\u00edtica de privacidad:<\/strong><\/h6><\/li><\/ul><p>El RGPD (Reglamento (UE) 2016\/679 del Parlamento Europeo y del Consejo de 27 de abril de 2016 relativo a la protecci\u00f3n de las personas f\u00edsicas), nueva normativa de la Uni\u00f3n Europea que unifica la regulaci\u00f3n del tratamiento de los datos personales en los distintos pa\u00edses de la UE.<\/p><p>La LOPD (Ley Org\u00e1nica 15\/1999, de 13 de diciembre, de Protecci\u00f3n de Datos de Car\u00e1cter Personal y Real Decreto 1720\/2007, de 21 de diciembre, el Reglamento de desarrollo de la LOPD) que regula el tratamiento de los datos personales y las obligaciones que debemos asumir los responsables de un comercio electr\u00f3nico a la hora de gestionar esta informaci\u00f3n.<\/p><p>La LSSI (Ley 34\/2002, de 11 de julio, de Servicios de la Sociedad de la Informaci\u00f3n y Comercio Electr\u00f3nico) que regula las transacciones econ\u00f3micas mediante medios electr\u00f3nicos, como es el caso de esta web.<\/p>\t\t\t\t\t\t\t\t<\/div>\n\t\t\t\t<\/div>\n\t\t\t\t\t<\/div>\n\t\t<\/div>\n\t\t\t\t\t<\/div>\n\t\t<\/section>\n\t\t\t\t<section class=\"elementor-section elementor-top-section elementor-element elementor-element-6dd90bf5 elementor-section-boxed elementor-section-height-default elementor-section-height-default sc_fly_static\" data-id=\"6dd90bf5\" data-element_type=\"section\">\n\t\t\t\t\t\t<div class=\"elementor-container elementor-column-gap-extended\">\n\t\t\t\t\t<div class=\"elementor-column elementor-col-100 elementor-top-column elementor-element elementor-element-2898a372 sc_inner_width_none sc_content_align_inherit sc_layouts_column_icons_position_left sc_fly_static\" data-id=\"2898a372\" data-element_type=\"column\">\n\t\t\t<div class=\"elementor-widget-wrap elementor-element-populated\">\n\t\t\t\t\t\t<div class=\"elementor-element elementor-element-2abdccba sc_height_large sc_fly_static elementor-widget elementor-widget-spacer\" data-id=\"2abdccba\" data-element_type=\"widget\" data-widget_type=\"spacer.default\">\n\t\t\t\t<div class=\"elementor-widget-container\">\n\t\t\t\t\t\t\t<div class=\"elementor-spacer\">\n\t\t\t<div class=\"elementor-spacer-inner\"><\/div>\n\t\t<\/div>\n\t\t\t\t\t\t<\/div>\n\t\t\t\t<\/div>\n\t\t\t\t\t<\/div>\n\t\t<\/div>\n\t\t\t\t\t<\/div>\n\t\t<\/section>\n\t\t\t\t<\/div>","protected":false},"excerpt":{"rendered":"<p>Pol\u00edtica de Privacidad Los datos personales que el cliente debe facilitarnos son indispensables para el env\u00edo de los pedidos y redacci\u00f3n de facturas. La ausencia de estos datos conllevar\u00e1 la&hellip;<\/p>","protected":false},"author":2,"featured_media":0,"parent":0,"menu_order":0,"comment_status":"closed","ping_status":"closed","template":"","meta":{"footnotes":""},"_links":{"self":[{"href":"https:\/\/cafescivit.com\/ca\/wp-json\/wp\/v2\/pages\/20340"}],"collection":[{"href":"https:\/\/cafescivit.com\/ca\/wp-json\/wp\/v2\/pages"}],"about":[{"href":"https:\/\/cafescivit.com\/ca\/wp-json\/wp\/v2\/types\/page"}],"author":[{"embeddable":true,"href":"https:\/\/cafescivit.com\/ca\/wp-json\/wp\/v2\/users\/2"}],"replies":[{"embeddable":true,"href":"https:\/\/cafescivit.com\/ca\/wp-json\/wp\/v2\/comments?post=20340"}],"version-history":[{"count":10,"href":"https:\/\/cafescivit.com\/ca\/wp-json\/wp\/v2\/pages\/20340\/revisions"}],"predecessor-version":[{"id":21229,"href":"https:\/\/cafescivit.com\/ca\/wp-json\/wp\/v2\/pages\/20340\/revisions\/21229"}],"wp:attachment":[{"href":"https:\/\/cafescivit.com\/ca\/wp-json\/wp\/v2\/media?parent=20340"}],"curies":[{"name":"wp","href":"https:\/\/api.w.org\/{rel}","templated":true}]}}