{"id":20689,"date":"2023-04-03T13:57:25","date_gmt":"2023-04-03T11:57:25","guid":{"rendered":"https:\/\/cafescivit.com\/?page_id=20689"},"modified":"2023-09-11T09:25:14","modified_gmt":"2023-09-11T07:25:14","slug":"aviso-legal","status":"publish","type":"page","link":"https:\/\/cafescivit.com\/ca\/aviso-legal\/","title":{"rendered":"Av\u00eds Legal"},"content":{"rendered":"<div data-elementor-type=\"wp-page\" data-elementor-id=\"20689\" class=\"elementor elementor-20689\">\n\t\t\t\t\t\t<section class=\"elementor-section elementor-top-section elementor-element elementor-element-269b0194 elementor-section-boxed elementor-section-height-default elementor-section-height-default sc_fly_static\" data-id=\"269b0194\" data-element_type=\"section\">\n\t\t\t\t\t\t<div class=\"elementor-container elementor-column-gap-extended\">\n\t\t\t\t\t<div class=\"elementor-column elementor-col-100 elementor-top-column elementor-element elementor-element-65b5b35e sc_inner_width_none sc_content_align_inherit sc_layouts_column_icons_position_left sc_fly_static\" data-id=\"65b5b35e\" data-element_type=\"column\">\n\t\t\t<div class=\"elementor-widget-wrap elementor-element-populated\">\n\t\t\t\t\t\t<div class=\"elementor-element elementor-element-80951bb sc_fly_static elementor-widget elementor-widget-heading\" data-id=\"80951bb\" data-element_type=\"widget\" data-widget_type=\"heading.default\">\n\t\t\t\t<div class=\"elementor-widget-container\">\n\t\t\t\t\t<h2 class=\"elementor-heading-title elementor-size-default\">Av\u00eds Legal<\/h2>\t\t\t\t<\/div>\n\t\t\t\t<\/div>\n\t\t\t\t\t<\/div>\n\t\t<\/div>\n\t\t\t\t\t<\/div>\n\t\t<\/section>\n\t\t\t\t<section class=\"elementor-section elementor-top-section elementor-element elementor-element-1f33da17 elementor-section-boxed elementor-section-height-default elementor-section-height-default sc_fly_static\" data-id=\"1f33da17\" data-element_type=\"section\">\n\t\t\t\t\t\t<div class=\"elementor-container elementor-column-gap-extended\">\n\t\t\t\t\t<div class=\"elementor-column elementor-col-100 elementor-top-column elementor-element elementor-element-2603053f sc_inner_width_none sc_content_align_inherit sc_layouts_column_icons_position_left sc_fly_static\" data-id=\"2603053f\" data-element_type=\"column\">\n\t\t\t<div class=\"elementor-widget-wrap elementor-element-populated\">\n\t\t\t\t\t\t<div class=\"elementor-element elementor-element-3171bb0f sc_height_large sc_fly_static elementor-widget elementor-widget-spacer\" data-id=\"3171bb0f\" data-element_type=\"widget\" data-widget_type=\"spacer.default\">\n\t\t\t\t<div class=\"elementor-widget-container\">\n\t\t\t\t\t\t\t<div class=\"elementor-spacer\">\n\t\t\t<div class=\"elementor-spacer-inner\"><\/div>\n\t\t<\/div>\n\t\t\t\t\t\t<\/div>\n\t\t\t\t<\/div>\n\t\t\t\t\t<\/div>\n\t\t<\/div>\n\t\t\t\t\t<\/div>\n\t\t<\/section>\n\t\t\t\t<section class=\"elementor-section elementor-top-section elementor-element elementor-element-29fe2750 elementor-section-boxed elementor-section-height-default elementor-section-height-default sc_fly_static\" data-id=\"29fe2750\" data-element_type=\"section\">\n\t\t\t\t\t\t<div class=\"elementor-container elementor-column-gap-extended\">\n\t\t\t\t\t<div class=\"elementor-column elementor-col-100 elementor-top-column elementor-element elementor-element-16b306f4 sc_inner_width_none sc_content_align_inherit sc_layouts_column_icons_position_left sc_fly_static\" data-id=\"16b306f4\" data-element_type=\"column\">\n\t\t\t<div class=\"elementor-widget-wrap elementor-element-populated\">\n\t\t\t\t\t\t<div class=\"elementor-element elementor-element-ce507ff sc_fly_static elementor-widget elementor-widget-text-editor\" data-id=\"ce507ff\" data-element_type=\"widget\" data-widget_type=\"text-editor.default\">\n\t\t\t\t<div class=\"elementor-widget-container\">\n\t\t\t\t\t\t\t\t\t<p style=\"text-align: center;\"><strong>POLYMAT SOLUTIONS S.L. <\/strong><\/p>\n<p style=\"text-align: center;\"><strong>en representaci\u00f3n de CAF\u00c9S CIVIT S.A.<\/strong><br><strong>A43014513<\/strong><br><strong>PG Industrial Baix Ebre, Calle H, Parcela 330<\/strong><br><strong>43897 Tortosa (Tarragona)<\/strong><br><strong>Tlfn. +34 977 59 72 74<\/strong><br><strong>info@cafescivit.com<\/strong><\/p>\n<p>El acceso al portal propiedad de CAF\u00c9S CIVIT&nbsp; y a la informaci\u00f3n relativa a cualesquiera de los productos y servicios contenidos en el mismo, comporta la aceptaci\u00f3n de las condiciones previstas en el presente Aviso Legal. Por ello le recomendamos que lea atentamente su contenido si usted desea acceder y hacer uso de la informaci\u00f3n y los servicios ofrecidos desde este portal.<\/p>\n<p>De conformidad con lo dispuesto en el art\u00edculo 10 de la Ley 34\/2002, de 11 de julio, de Servicios de la Sociedad de la Informaci\u00f3n y Comercio Electr\u00f3nico (en adelante, \u201cLSSI\u201d), Informamos que:<\/p>\n<h6><strong>PROPIEDAD INTELECTUAL E INDUSTRIAL<\/strong><\/h6>\n<p>El portal de CAF\u00c9S CIVIT las p\u00e1ginas que comprende y la informaci\u00f3n o elementos contenidos en las mismas, incluyen textos, documentos, fotograf\u00edas, dibujos, representaciones gr\u00e1ficas, bases de datos, programas inform\u00e1ticos, as\u00ed como logotipos, marcas, nombres comerciales, u otros signos distintivos, protegidos por derechos de propiedad intelectual o industrial, de los que CAF\u00c9S CIVIT o las empresas de su Grupo son titulares o leg\u00edtimas licenciatarias.<\/p>\n<p>CAF\u00c9S CIVIT no otorga garant\u00eda alguna sobre la licitud y legalidad de la informaci\u00f3n o elementos contenidos en las p\u00e1ginas del portal, cuando la titularidad de los mismos no corresponda a CAF\u00c9S CIVIT ni a las empresas de su Grupo.<\/p>\n<h6><strong>USOS PROHIBIDOS Y PERMITIDOS<\/strong><\/h6>\n<p>El acceso a la p\u00e1gina web a trav\u00e9s de la direcci\u00f3n URL http:\/\/cafescivit.com tiene car\u00e1cter gratuito para los Usuarios y su visualizaci\u00f3n no requiere de previa suscripci\u00f3n o registro alguno. No obstante, la contrataci\u00f3n de determinados servicios o productos s\u00ed requiere el registro del Usuario en la web.<\/p>\n<p>En este sentido, ser\u00e1 responsabilidad del Usuario registrado el uso adecuado de la web y la custodia de los c\u00f3digos de acceso o claves identificativas, debiendo abstenerse de utilizarlos con fines o efectos il\u00edcitos o contrarios a la ley, la moral y las buenas costumbres.<\/p>\n<p>El Usuario registrado podr\u00e1 en todo momento darse de baja de forma autom\u00e1tica como Usuario del la web, sin que dicha decisi\u00f3n pueda tener car\u00e1cter retroactivo, a trav\u00e9s de la interfaz de Usuario, por tel\u00e9fono en el n\u00famero +34 977 59 72 74 o por correo electr\u00f3nico a la direcci\u00f3n info@cafescivit.com<\/p>\n<p>Las condiciones de acceso y uso de esta p\u00e1gina web est\u00e1n supeditadas a la legalidad vigente y a los principios de buena fe y uso l\u00edcito por parte del Usuario de la misma, quedando prohibido, con car\u00e1cter general, cualquier tipo de actuaci\u00f3n en perjuicio de CAF\u00c9S CIVIT y contraria al presente Aviso Legal o a las Condiciones Generales que regulan la prestaci\u00f3n de los productos y servicios ofrecidos.<\/p>\n<p>El usuario se compromete a utilizar este servicio sin incurrir en actividades que puedan ser consideradas il\u00edcitas o ilegales, que infrinjan derechos de titularidad de CAF\u00c9S CIVIT o de terceros; o que puedan da\u00f1ar, inutilizar, sobrecargar o deteriorar el Servicio o impedir la normal utilizaci\u00f3n del mismo por parte de otros usuarios.<\/p>\n<p>El usuario no podr\u00e1 descargar o realizar copia de los elementos que componen el sitio web con el fin de alterarlos, modificarlos, utilizarlos de manera il\u00edcita o suprimirlos ni total ni parcialmente. En ning\u00fan caso, ello significar\u00e1 una autorizaci\u00f3n o licencia sobre los derechos de propiedad de CAF\u00c9S CIVIT o de las empresas de su Grupo.<\/p>\n<p>Queda prohibido, salvo en los casos en que expresamente lo autorice CAF\u00c9S CIVIT, presentar las p\u00e1ginas Web propiedad de CAF\u00c9S CIVIT, o la informaci\u00f3n contenida en ellas bajo marcos, signos distintivos, marcas o denominaciones sociales o comerciales de otra persona, empresa o entidad.<\/p>\n<h6><strong>VALIDEZ DE LA INFORMACI\u00d3N<\/strong><\/h6>\n<p>La informaci\u00f3n contenida en estas p\u00e1ginas es la vigente en la fecha de su \u00faltima actualizaci\u00f3n y las presentes condiciones son las vigentes desde la fecha de su \u00faltima actualizaci\u00f3n. CAF\u00c9S CIVIT se reserva el derecho a modificarlas en cualquier momento, en cuyo caso entrar\u00e1n en vigor desde su publicaci\u00f3n y ser\u00e1n aplicables a todos los usuarios del portal desde esa fecha.<\/p>\n<p>Los contenidos del portal, en especial las referencias informativas y publicitarias, salvo que expresamente se indique lo contrario, no constituyen oferta vinculante. CAF\u00c9S CIVIT se reserva el derecho a introducir modificaciones u omitir parcial o totalmente los actuales contenidos del portal cuando lo considere oportuno, as\u00ed como impedir o restringir el acceso de forma temporal o permanente.<\/p>\n<p>El precio de cualquiera de nuestros productos ser\u00e1 el que est\u00e1 presupuestado en nuestra website, excepto en caso de errores demostrables y\/u obvios.<\/p>\n<h6><strong>RESPONSABILIDADES<\/strong><\/h6>\n<p>CAF\u00c9S CIVIT no garantiza el acceso continuado, ni la correcta visualizaci\u00f3n, utilidad o cambio de los elementos e informaci\u00f3n contenidos en las p\u00e1ginas del portal, que pueden verse impedidos, dificultados o interrumpidos por factores o circunstancias fuera de su control.<\/p>\n<p>CAF\u00c9S CIVIT, no es responsable de la informaci\u00f3n y dem\u00e1s contenidos integrados en espacios o p\u00e1ginas Web de terceros accesibles desde el portal mediante enlaces, hiperv\u00ednculos o links, ni de la informaci\u00f3n y dem\u00e1s contenidos integrados en espacios o p\u00e1ginas Web de terceros desde los que se acceda mediante enlaces, hiperv\u00ednculos o links al portal CAF\u00c9S CIVIT, o a cualquiera de sus p\u00e1ginas Web, ni de la informaci\u00f3n y contenidos de cualquier p\u00e1gina Web de terceros que se presente bajo la apariencia o signos distintivos de CAF\u00c9S CIVIT, salvo autorizaci\u00f3n expresa de esta \u00faltima.<\/p>\n<p>CAF\u00c9S CIVIT y sus proveedores de informaci\u00f3n, como terceras partes, no asumen responsabilidad alguna con relaci\u00f3n a la informaci\u00f3n, contenidos de todo tipo, productos y servicios ofertados o prestados a trav\u00e9s del portal CAF\u00c9S CIVIT por terceras personas o entidades, aunque pertenezcan a su mismo Grupo econ\u00f3mico, y, en especial, por los da\u00f1os y perjuicios de cualquier tipo que, vinculados a lo anterior, puedan producirse por:<\/p>\n<p>\u2013 Ausencia o deficiencias en la informaci\u00f3n facilitada a los usuarios o en su veracidad, exactitud y suficiencia.<\/p>\n<p>\u2013 Incumplimiento o cumplimiento defectuoso o impuntual de los contratos o relaciones pre-contractuales.<\/p>\n<p>\u2013 Incumplimiento de las obligaciones que incumben a los prestadores de servicios de la sociedad de la informaci\u00f3n.<\/p>\n<p>\u2013 Infracci\u00f3n de los derechos de los consumidores y usuarios.<\/p>\n<p>\u2013 Infracci\u00f3n de los derechos de propiedad intelectual e industrial; realizaci\u00f3n de actos de competencia desleal o de publicidad il\u00edcita.<\/p>\n<p>\u2013 Infracci\u00f3n del derecho de protecci\u00f3n de datos; del secreto profesional y de los derechos al honor, a la intimidad personal y familiar y a la imagen de las personas.<\/p>\n<p>\u2013 En general, el incumplimiento de cualesquiera leyes, costumbres o c\u00f3digos de conducta que resulten de aplicaci\u00f3n.<\/p>\n<p>\u2013 Cualquier decisi\u00f3n tomada en dependencia de la informaci\u00f3n suministrada a trav\u00e9s del portal de CAF\u00c9S CIVIT.<\/p>\n<p>Ni CAF\u00c9S CIVIT, ni los proveedores de informaci\u00f3n como terceras partes asumen responsabilidad alguna por da\u00f1os, perjuicios, p\u00e9rdidas, reclamaciones o gastos, producidos por:<\/p>\n<p>\u2013 Interferencias, interrupciones, fallos, omisiones, aver\u00edas telef\u00f3nicas, retrasos, bloqueos o desconexiones en el funcionamiento del sistema electr\u00f3nico, motivadas por deficiencias, sobrecargas y errores en las l\u00edneas y redes de telecomunicaciones, o por cualquier otra causa ajena al control CAF\u00c9S CIVIT.<\/p>\n<p>\u2013 Intromisiones ileg\u00edtimas mediante el uso de programas malignos de cualquier tipo y a trav\u00e9s de cualquier medio de comunicaci\u00f3n, tales como virus inform\u00e1ticos o cualesquiera otros.<\/p>\n<p>\u2013 Uso indebido o inadecuado de las p\u00e1ginas Web propiedad de CAF\u00c9S CIVIT.<\/p>\n<p>\u2013 Errores de seguridad o navegaci\u00f3n producidos por un mal funcionamiento del navegador o por el uso de versiones no actualizadas del mismo.<\/p>\n<h6><strong>PRIVACIDAD Y TRATAMIENTO DE DATOS<\/strong><\/h6>\n<p>Cuando para el acceso a determinados contenidos o servicios sea necesario facilitar datos de car\u00e1cter personal, los Usuarios garantizar\u00e1n su veracidad, exactitud, autenticidad y vigencia. La empresa dar\u00e1 a dichos datos el tratamiento automatizado que corresponda en funci\u00f3n de su naturaleza o finalidad, en los t\u00e9rminos indicados en el apartado de Pol\u00edtica de Privacidad.<\/p>\n<h6><strong>COOKIES<\/strong><\/h6>\n<p>CAF\u00c9S CIVIT se reserva el derecho de utilizar la tecnolog\u00eda \u201ccookie\u201d en el sitio web, a fin de reconocer Usuarios frecuentes y personalizar los usos que se realicen del portal mediante la preselecci\u00f3n de idioma, moneda o contenidos espec\u00edficos.<\/p>\n<p>Las cookies recopilan la direcci\u00f3n IP del usuario, siendo Google el responsable del tratamiento de esta informaci\u00f3n.<\/p>\n<p>Las cookies son ficheros enviados a un navegador, por medio de un servidor Web, para registrar la navegaci\u00f3n del Usuario en el Espacio Web, cuando el Usuario permita su recepci\u00f3n. Si el Usuario lo desea, podr\u00e1 configurar su navegador para ser avisado en pantalla de la recepci\u00f3n de cookies y para impedir la instalaci\u00f3n de cookies en su disco duro. El usuario podr\u00e1 consultar las instrucciones y manuales de su navegador para ampliar dicha informaci\u00f3n.<\/p>\t\t\t\t\t\t\t\t<\/div>\n\t\t\t\t<\/div>\n\t\t\t\t\t<\/div>\n\t\t<\/div>\n\t\t\t\t\t<\/div>\n\t\t<\/section>\n\t\t\t\t<section class=\"elementor-section elementor-top-section elementor-element elementor-element-27096d91 elementor-section-boxed elementor-section-height-default elementor-section-height-default sc_fly_static\" data-id=\"27096d91\" data-element_type=\"section\">\n\t\t\t\t\t\t<div class=\"elementor-container elementor-column-gap-extended\">\n\t\t\t\t\t<div class=\"elementor-column elementor-col-100 elementor-top-column elementor-element elementor-element-6b30bce9 sc_inner_width_none sc_content_align_inherit sc_layouts_column_icons_position_left sc_fly_static\" data-id=\"6b30bce9\" data-element_type=\"column\">\n\t\t\t<div class=\"elementor-widget-wrap elementor-element-populated\">\n\t\t\t\t\t\t<div class=\"elementor-element elementor-element-d5fcbf9 sc_height_large sc_fly_static elementor-widget elementor-widget-spacer\" data-id=\"d5fcbf9\" data-element_type=\"widget\" data-widget_type=\"spacer.default\">\n\t\t\t\t<div class=\"elementor-widget-container\">\n\t\t\t\t\t\t\t<div class=\"elementor-spacer\">\n\t\t\t<div class=\"elementor-spacer-inner\"><\/div>\n\t\t<\/div>\n\t\t\t\t\t\t<\/div>\n\t\t\t\t<\/div>\n\t\t\t\t\t<\/div>\n\t\t<\/div>\n\t\t\t\t\t<\/div>\n\t\t<\/section>\n\t\t\t\t<\/div>","protected":false},"excerpt":{"rendered":"<p>Aviso Legal POLYMAT SOLUTIONS S.L. en representaci\u00f3n de CAF\u00c9S CIVIT S.A.A43014513PG Industrial Baix Ebre, Calle H, Parcela 33043897 Tortosa (Tarragona)Tlfn. +34 977 59 72 74info@cafescivit.com El acceso al portal propiedad&hellip;<\/p>","protected":false},"author":2,"featured_media":0,"parent":0,"menu_order":0,"comment_status":"closed","ping_status":"closed","template":"","meta":{"footnotes":""},"_links":{"self":[{"href":"https:\/\/cafescivit.com\/ca\/wp-json\/wp\/v2\/pages\/20689"}],"collection":[{"href":"https:\/\/cafescivit.com\/ca\/wp-json\/wp\/v2\/pages"}],"about":[{"href":"https:\/\/cafescivit.com\/ca\/wp-json\/wp\/v2\/types\/page"}],"author":[{"embeddable":true,"href":"https:\/\/cafescivit.com\/ca\/wp-json\/wp\/v2\/users\/2"}],"replies":[{"embeddable":true,"href":"https:\/\/cafescivit.com\/ca\/wp-json\/wp\/v2\/comments?post=20689"}],"version-history":[{"count":13,"href":"https:\/\/cafescivit.com\/ca\/wp-json\/wp\/v2\/pages\/20689\/revisions"}],"predecessor-version":[{"id":21235,"href":"https:\/\/cafescivit.com\/ca\/wp-json\/wp\/v2\/pages\/20689\/revisions\/21235"}],"wp:attachment":[{"href":"https:\/\/cafescivit.com\/ca\/wp-json\/wp\/v2\/media?parent=20689"}],"curies":[{"name":"wp","href":"https:\/\/api.w.org\/{rel}","templated":true}]}}