{"id":3750,"date":"2020-05-26T12:53:00","date_gmt":"2020-05-26T10:53:00","guid":{"rendered":"https:\/\/cafescivit.com\/?page_id=3750"},"modified":"2023-04-04T11:23:24","modified_gmt":"2023-04-04T09:23:24","slug":"sobre-nosotros","status":"publish","type":"page","link":"https:\/\/cafescivit.com\/ca\/sobre-nosotros\/","title":{"rendered":"Sobre Nosaltres"},"content":{"rendered":"\t\t<div data-elementor-type=\"wp-page\" data-elementor-id=\"3750\" class=\"elementor elementor-3750\">\n\t\t\t\t\t\t<section class=\"elementor-section elementor-top-section elementor-element elementor-element-c697572 scheme_light elementor-section-boxed elementor-section-height-default elementor-section-height-default sc_fly_static\" data-id=\"c697572\" data-element_type=\"section\" data-settings=\"{&quot;background_background&quot;:&quot;classic&quot;}\">\n\t\t\t\t\t\t<div class=\"elementor-container elementor-column-gap-extended\">\n\t\t\t\t\t<div class=\"elementor-column elementor-col-100 elementor-top-column elementor-element elementor-element-8d19faf sc_inner_width_none sc_content_align_inherit sc_layouts_column_icons_position_left sc_fly_static\" data-id=\"8d19faf\" data-element_type=\"column\">\n\t\t\t<div class=\"elementor-widget-wrap elementor-element-populated\">\n\t\t\t\t\t\t<div class=\"elementor-element elementor-element-7293907 sc_height_huge sc_fly_static elementor-widget elementor-widget-spacer\" data-id=\"7293907\" data-element_type=\"widget\" data-widget_type=\"spacer.default\">\n\t\t\t\t<div class=\"elementor-widget-container\">\n\t\t\t\t\t\t\t<div class=\"elementor-spacer\">\n\t\t\t<div class=\"elementor-spacer-inner\"><\/div>\n\t\t<\/div>\n\t\t\t\t\t\t<\/div>\n\t\t\t\t<\/div>\n\t\t\t\t<div class=\"elementor-element elementor-element-c13be73 sc_fly_static elementor-widget elementor-widget-trx_sc_title\" data-id=\"c13be73\" data-element_type=\"widget\" data-widget_type=\"trx_sc_title.default\">\n\t\t\t\t<div class=\"elementor-widget-container\">\n\t\t\t\t\t<div\t\tclass=\"sc_title color_style_link2 sc_title_default\" ><span class=\"sc_item_subtitle sc_title_subtitle sc_align_center sc_item_subtitle_above sc_item_title_style_default\">SOBRE NOSOTROS<\/span><h1 class=\"sc_item_title sc_title_title sc_align_center sc_item_title_style_default sc_item_title_tag\"\n\t\t\t><span class=\"sc_item_title_text\">Expertos Tostadores<\/span><\/h1><\/div>\t\t\t\t<\/div>\n\t\t\t\t<\/div>\n\t\t\t\t<div class=\"elementor-element elementor-element-e41fbf8 sc_height_small sc_fly_static elementor-widget elementor-widget-spacer\" data-id=\"e41fbf8\" data-element_type=\"widget\" data-widget_type=\"spacer.default\">\n\t\t\t\t<div class=\"elementor-widget-container\">\n\t\t\t\t\t\t\t<div class=\"elementor-spacer\">\n\t\t\t<div class=\"elementor-spacer-inner\"><\/div>\n\t\t<\/div>\n\t\t\t\t\t\t<\/div>\n\t\t\t\t<\/div>\n\t\t\t\t\t<\/div>\n\t\t<\/div>\n\t\t\t\t\t<\/div>\n\t\t<\/section>\n\t\t\t\t<section class=\"elementor-section-with-custom-width elementor-section elementor-top-section elementor-element elementor-element-c657d45 elementor-section-boxed elementor-section-height-default elementor-section-height-default sc_fly_static\" data-id=\"c657d45\" data-element_type=\"section\">\n\t\t\t\t\t\t<div class=\"elementor-container elementor-column-gap-extended\">\n\t\t\t\t\t<div class=\"elementor-column elementor-col-100 elementor-top-column elementor-element elementor-element-4379c3f sc_inner_width_none sc_content_align_inherit sc_layouts_column_icons_position_left sc_fly_static\" data-id=\"4379c3f\" data-element_type=\"column\">\n\t\t\t<div class=\"elementor-widget-wrap elementor-element-populated\">\n\t\t\t\t\t\t<div class=\"elementor-element elementor-element-27f5993 sc_fly_static elementor-widget elementor-widget-text-editor\" data-id=\"27f5993\" data-element_type=\"widget\" data-widget_type=\"text-editor.default\">\n\t\t\t\t<div class=\"elementor-widget-container\">\n\t\t\t\t\t\t\t\t\t<p>Desde hace ya m\u00e1s de 70 a\u00f1os, en CAF\u00c9S CIVIT dirigimos nuestros esfuerzos diarios a conseguir un producto de la m\u00e1s alta calidad, ofreciendo, adem\u00e1s, un conjunto de servicios y garant\u00edas para que su establecimiento sea reconocido por su inigualable caf\u00e9.<\/p><p>Desde nuestros inicios empleando t\u00e9cnicas completamentes artesanales, hasta nuestros d\u00edas en los que usamos las tecnolog\u00edas m\u00e1s modernas, continuamos tostando y envasando el mejor caf\u00e9 para nuestros clientes, esmer\u00e1ndonos por que su aroma y sabor sigan siendo el sello distintivo que nos diferencia.<\/p><p>En CAF\u00c9S CIVIT preparamos toda clase de mezclas de caf\u00e9, en las modalidades de Tueste Natural, y Tueste Torrefacto, para adaptarnos a las exigencias de cualquier cliente del sector de la hosteler\u00eda (hoteles, restaurantes, cafeter\u00edas y bares) y vending.<\/p><p>Nos enorgullece poder resaltar que nuestro producto es 100% calidad.<\/p>\t\t\t\t\t\t\t\t<\/div>\n\t\t\t\t<\/div>\n\t\t\t\t\t<\/div>\n\t\t<\/div>\n\t\t\t\t\t<\/div>\n\t\t<\/section>\n\t\t\t\t<section class=\"elementor-section elementor-top-section elementor-element elementor-element-4b79563 scheme_light elementor-section-boxed elementor-section-height-default elementor-section-height-default sc_fly_static\" data-id=\"4b79563\" data-element_type=\"section\" data-settings=\"{&quot;background_background&quot;:&quot;classic&quot;}\">\n\t\t\t\t\t\t<div class=\"elementor-container elementor-column-gap-extended\">\n\t\t\t\t\t<div class=\"elementor-column elementor-col-100 elementor-top-column elementor-element elementor-element-c3bf042 sc_inner_width_none sc_content_align_inherit sc_layouts_column_icons_position_left sc_fly_static\" data-id=\"c3bf042\" data-element_type=\"column\">\n\t\t\t<div class=\"elementor-widget-wrap elementor-element-populated\">\n\t\t\t\t\t\t<div class=\"elementor-element elementor-element-ecca58c sc_height_huge sc_fly_static elementor-widget elementor-widget-spacer\" data-id=\"ecca58c\" data-element_type=\"widget\" data-widget_type=\"spacer.default\">\n\t\t\t\t<div class=\"elementor-widget-container\">\n\t\t\t\t\t\t\t<div class=\"elementor-spacer\">\n\t\t\t<div class=\"elementor-spacer-inner\"><\/div>\n\t\t<\/div>\n\t\t\t\t\t\t<\/div>\n\t\t\t\t<\/div>\n\t\t\t\t<section class=\"elementor-section-with-custom-width elementor-section elementor-inner-section elementor-element elementor-element-e359a7c elementor-section-boxed elementor-section-height-default elementor-section-height-default sc_fly_static\" data-id=\"e359a7c\" data-element_type=\"section\">\n\t\t\t\t\t\t<div class=\"elementor-container elementor-column-gap-extended\">\n\t\t\t\t\t<div class=\"elementor-column elementor-col-50 elementor-inner-column elementor-element elementor-element-b21f205 sc_extra_bg_tiny sc_inner_width_none sc_content_align_inherit sc_layouts_column_icons_position_left sc_fly_static\" data-id=\"b21f205\" data-element_type=\"column\" data-settings=\"{&quot;background_background&quot;:&quot;classic&quot;}\">\n\t\t\t<div class=\"elementor-widget-wrap elementor-element-populated\">\n\t\t\t\t\t\t<div class=\"elementor-element elementor-element-93061c4 elementor-position-top sc_fly_static elementor-widget elementor-widget-image-box\" data-id=\"93061c4\" data-element_type=\"widget\" data-widget_type=\"image-box.default\">\n\t\t\t\t<div class=\"elementor-widget-container\">\n\t\t\t\t\t<div class=\"elementor-image-box-wrapper\"><figure class=\"elementor-image-box-img\"><a href=\"#\" tabindex=\"-1\"><img fetchpriority=\"high\" decoding=\"async\" width=\"1080\" height=\"1080\" src=\"https:\/\/cafescivit.com\/wp-content\/uploads\/2023\/04\/3.png\" class=\"attachment-full size-full wp-image-20858\" alt=\"\" srcset=\"https:\/\/cafescivit.com\/wp-content\/uploads\/2023\/04\/3.png 1080w, https:\/\/cafescivit.com\/wp-content\/uploads\/2023\/04\/3-300x300.png 300w, https:\/\/cafescivit.com\/wp-content\/uploads\/2023\/04\/3-1024x1024.png 1024w, https:\/\/cafescivit.com\/wp-content\/uploads\/2023\/04\/3-150x150.png 150w, https:\/\/cafescivit.com\/wp-content\/uploads\/2023\/04\/3-768x768.png 768w, https:\/\/cafescivit.com\/wp-content\/uploads\/2023\/04\/3-370x370.png 370w, https:\/\/cafescivit.com\/wp-content\/uploads\/2023\/04\/3-120x120.png 120w, https:\/\/cafescivit.com\/wp-content\/uploads\/2023\/04\/3-840x840.png 840w, https:\/\/cafescivit.com\/wp-content\/uploads\/2023\/04\/3-410x410.png 410w, https:\/\/cafescivit.com\/wp-content\/uploads\/2023\/04\/3-480x480.png 480w, https:\/\/cafescivit.com\/wp-content\/uploads\/2023\/04\/3-600x600.png 600w\" sizes=\"(max-width: 1080px) 100vw, 1080px\" \/><\/a><\/figure><div class=\"elementor-image-box-content\"><h3 class=\"elementor-image-box-title\"><a href=\"#\">Nuestras Instalaciones<\/a><\/h3><p class=\"elementor-image-box-description\">Descubre nuestra f\u00e1brica ubicada en Tortosa, con herramientas para reducir la huella de carbono y minimizar el impacto ambiental.<\/p><\/div><\/div>\t\t\t\t<\/div>\n\t\t\t\t<\/div>\n\t\t\t\t<div class=\"elementor-element elementor-element-28d6171 elementor-align-center sc_fly_static elementor-widget elementor-widget-button\" data-id=\"28d6171\" data-element_type=\"widget\" data-widget_type=\"button.default\">\n\t\t\t\t<div class=\"elementor-widget-container\">\n\t\t\t\t\t\t\t\t\t<div class=\"elementor-button-wrapper\">\n\t\t\t\t\t<a class=\"elementor-button elementor-button-link elementor-size-sm\" href=\"https:\/\/cafescivit.com\/fabrica\/\">\n\t\t\t\t\t\t<span class=\"elementor-button-content-wrapper\">\n\t\t\t\t\t\t<span class=\"elementor-button-icon\">\n\t\t\t\t<i aria-hidden=\"true\" class=\"far fa-arrow-alt-circle-right\"><\/i>\t\t\t<\/span>\n\t\t\t\t\t\t\t\t\t<span class=\"elementor-button-text\">VER M\u00c1S<\/span>\n\t\t\t\t\t<\/span>\n\t\t\t\t\t<\/a>\n\t\t\t\t<\/div>\n\t\t\t\t\t\t\t\t<\/div>\n\t\t\t\t<\/div>\n\t\t\t\t\t<\/div>\n\t\t<\/div>\n\t\t\t\t<div class=\"elementor-column elementor-col-50 elementor-inner-column elementor-element elementor-element-65f4022 sc_extra_bg_tiny sc_inner_width_none sc_content_align_inherit sc_layouts_column_icons_position_left sc_fly_static\" data-id=\"65f4022\" data-element_type=\"column\" data-settings=\"{&quot;background_background&quot;:&quot;classic&quot;}\">\n\t\t\t<div class=\"elementor-widget-wrap elementor-element-populated\">\n\t\t\t\t\t\t<div class=\"elementor-element elementor-element-91c3d75 elementor-position-top sc_fly_static elementor-widget elementor-widget-image-box\" data-id=\"91c3d75\" data-element_type=\"widget\" data-widget_type=\"image-box.default\">\n\t\t\t\t<div class=\"elementor-widget-container\">\n\t\t\t\t\t<div class=\"elementor-image-box-wrapper\"><figure class=\"elementor-image-box-img\"><a href=\"#\" tabindex=\"-1\"><img decoding=\"async\" width=\"1080\" height=\"1080\" src=\"https:\/\/cafescivit.com\/wp-content\/uploads\/2023\/04\/cafes-civit.png\" class=\"attachment-full size-full wp-image-20860\" alt=\"\" srcset=\"https:\/\/cafescivit.com\/wp-content\/uploads\/2023\/04\/cafes-civit.png 1080w, https:\/\/cafescivit.com\/wp-content\/uploads\/2023\/04\/cafes-civit-300x300.png 300w, https:\/\/cafescivit.com\/wp-content\/uploads\/2023\/04\/cafes-civit-1024x1024.png 1024w, https:\/\/cafescivit.com\/wp-content\/uploads\/2023\/04\/cafes-civit-150x150.png 150w, https:\/\/cafescivit.com\/wp-content\/uploads\/2023\/04\/cafes-civit-768x768.png 768w, https:\/\/cafescivit.com\/wp-content\/uploads\/2023\/04\/cafes-civit-370x370.png 370w, https:\/\/cafescivit.com\/wp-content\/uploads\/2023\/04\/cafes-civit-120x120.png 120w, https:\/\/cafescivit.com\/wp-content\/uploads\/2023\/04\/cafes-civit-840x840.png 840w, https:\/\/cafescivit.com\/wp-content\/uploads\/2023\/04\/cafes-civit-410x410.png 410w, https:\/\/cafescivit.com\/wp-content\/uploads\/2023\/04\/cafes-civit-480x480.png 480w, https:\/\/cafescivit.com\/wp-content\/uploads\/2023\/04\/cafes-civit-600x600.png 600w\" sizes=\"(max-width: 1080px) 100vw, 1080px\" \/><\/a><\/figure><div class=\"elementor-image-box-content\"><h3 class=\"elementor-image-box-title\"><a href=\"#\">Nuestros Productos<\/a><\/h3><p class=\"elementor-image-box-description\">Descubre nuestros caf\u00e9s tostados con toda la pasi\u00f3n y dedicaci\u00f3n, adem\u00e1s de t\u00e9s y otros complementos para tu establecimiento.<\/p><\/div><\/div>\t\t\t\t<\/div>\n\t\t\t\t<\/div>\n\t\t\t\t<div class=\"elementor-element elementor-element-f75e2c9 elementor-align-center sc_fly_static elementor-widget elementor-widget-button\" data-id=\"f75e2c9\" data-element_type=\"widget\" data-widget_type=\"button.default\">\n\t\t\t\t<div class=\"elementor-widget-container\">\n\t\t\t\t\t\t\t\t\t<div class=\"elementor-button-wrapper\">\n\t\t\t\t\t<a class=\"elementor-button elementor-button-link elementor-size-sm\" href=\"https:\/\/cafescivit.com\/productos\/\">\n\t\t\t\t\t\t<span class=\"elementor-button-content-wrapper\">\n\t\t\t\t\t\t<span class=\"elementor-button-icon\">\n\t\t\t\t<i aria-hidden=\"true\" class=\"far fa-arrow-alt-circle-right\"><\/i>\t\t\t<\/span>\n\t\t\t\t\t\t\t\t\t<span class=\"elementor-button-text\">VER M\u00c1S<\/span>\n\t\t\t\t\t<\/span>\n\t\t\t\t\t<\/a>\n\t\t\t\t<\/div>\n\t\t\t\t\t\t\t\t<\/div>\n\t\t\t\t<\/div>\n\t\t\t\t\t<\/div>\n\t\t<\/div>\n\t\t\t\t\t<\/div>\n\t\t<\/section>\n\t\t\t\t<div class=\"elementor-element elementor-element-5da91e2 sc_height_huge sc_fly_static elementor-widget elementor-widget-spacer\" data-id=\"5da91e2\" data-element_type=\"widget\" data-widget_type=\"spacer.default\">\n\t\t\t\t<div class=\"elementor-widget-container\">\n\t\t\t\t\t\t\t<div class=\"elementor-spacer\">\n\t\t\t<div class=\"elementor-spacer-inner\"><\/div>\n\t\t<\/div>\n\t\t\t\t\t\t<\/div>\n\t\t\t\t<\/div>\n\t\t\t\t\t<\/div>\n\t\t<\/div>\n\t\t\t\t\t<\/div>\n\t\t<\/section>\n\t\t\t\t<section class=\"elementor-section elementor-top-section elementor-element elementor-element-4d7f6a7 elementor-section-stretched scheme_dark elementor-section-boxed elementor-section-height-default elementor-section-height-default sc_fly_static\" data-id=\"4d7f6a7\" data-element_type=\"section\" data-settings=\"{&quot;stretch_section&quot;:&quot;section-stretched&quot;,&quot;background_background&quot;:&quot;classic&quot;}\">\n\t\t\t\t\t\t\t<div class=\"elementor-background-overlay\"><\/div>\n\t\t\t\t\t\t\t<div class=\"elementor-container elementor-column-gap-extended\">\n\t\t\t\t\t<div class=\"elementor-column elementor-col-100 elementor-top-column elementor-element elementor-element-39e8cb4 sc_inner_width_none sc_content_align_inherit sc_layouts_column_icons_position_left sc_fly_static\" data-id=\"39e8cb4\" data-element_type=\"column\">\n\t\t\t<div class=\"elementor-widget-wrap elementor-element-populated\">\n\t\t\t\t\t\t<div class=\"elementor-element elementor-element-2e3c784 sc_layouts_hide_on_mobile sc_layouts_hide_on_tablet sc_fly_static elementor-widget elementor-widget-spacer\" data-id=\"2e3c784\" data-element_type=\"widget\" data-widget_type=\"spacer.default\">\n\t\t\t\t<div class=\"elementor-widget-container\">\n\t\t\t\t\t\t\t<div class=\"elementor-spacer\">\n\t\t\t<div class=\"elementor-spacer-inner\"><\/div>\n\t\t<\/div>\n\t\t\t\t\t\t<\/div>\n\t\t\t\t<\/div>\n\t\t\t\t<div class=\"elementor-element elementor-element-92e619d sc_height_huge sc_fly_static elementor-widget elementor-widget-spacer\" data-id=\"92e619d\" data-element_type=\"widget\" data-widget_type=\"spacer.default\">\n\t\t\t\t<div class=\"elementor-widget-container\">\n\t\t\t\t\t\t\t<div class=\"elementor-spacer\">\n\t\t\t<div class=\"elementor-spacer-inner\"><\/div>\n\t\t<\/div>\n\t\t\t\t\t\t<\/div>\n\t\t\t\t<\/div>\n\t\t\t\t<div class=\"elementor-element elementor-element-86d8464 sc_fly_static elementor-widget elementor-widget-trx_sc_title\" data-id=\"86d8464\" data-element_type=\"widget\" data-widget_type=\"trx_sc_title.default\">\n\t\t\t\t<div class=\"elementor-widget-container\">\n\t\t\t\t\t<div\t\tclass=\"sc_title sc_title_default\" ><span class=\"sc_item_subtitle sc_title_subtitle sc_align_center sc_item_subtitle_above sc_item_title_style_default\">CAF\u00c9S CIVIT<\/span><h1 class=\"sc_item_title sc_title_title sc_align_center sc_item_title_style_default sc_item_title_tag sc_typed\"\n\t\t\t><span class=\"sc_item_title_text\">Nuestro caf\u00e9 es <span class=\"sc_typed_entry trx_addons_inline_642908062\" data-strings=\"[&quot;Natural&quot;,&quot;Ecol\\u00f3gico&quot;,&quot;Sostenible&quot;]\" data-loop=\"1\" data-cursor=\"1\" data-cursor-char=\"_\" data-speed=\"2\" data-delay=\"2\">Natural<\/span><\/span><\/h1><\/div>\t\t\t\t<\/div>\n\t\t\t\t<\/div>\n\t\t\t\t<div class=\"elementor-element elementor-element-e46a54c sc_fly_static elementor-widget elementor-widget-spacer\" data-id=\"e46a54c\" data-element_type=\"widget\" data-widget_type=\"spacer.default\">\n\t\t\t\t<div class=\"elementor-widget-container\">\n\t\t\t\t\t\t\t<div class=\"elementor-spacer\">\n\t\t\t<div class=\"elementor-spacer-inner\"><\/div>\n\t\t<\/div>\n\t\t\t\t\t\t<\/div>\n\t\t\t\t<\/div>\n\t\t\t\t<div class=\"elementor-element elementor-element-99f3a2c sc_fly_static elementor-widget elementor-widget-text-editor\" data-id=\"99f3a2c\" data-element_type=\"widget\" data-widget_type=\"text-editor.default\">\n\t\t\t\t<div class=\"elementor-widget-container\">\n\t\t\t\t\t\t\t\t\t<p>100% calidad<\/p>\t\t\t\t\t\t\t\t<\/div>\n\t\t\t\t<\/div>\n\t\t\t\t<div class=\"elementor-element elementor-element-ea9594e elementor-align-center sc_fly_static elementor-widget elementor-widget-button\" data-id=\"ea9594e\" data-element_type=\"widget\" data-widget_type=\"button.default\">\n\t\t\t\t<div class=\"elementor-widget-container\">\n\t\t\t\t\t\t\t\t\t<div class=\"elementor-button-wrapper\">\n\t\t\t\t\t<a class=\"elementor-button elementor-button-link elementor-size-sm\" href=\"https:\/\/cafescivit.com\/contacto\/\">\n\t\t\t\t\t\t<span class=\"elementor-button-content-wrapper\">\n\t\t\t\t\t\t<span class=\"elementor-button-icon\">\n\t\t\t\t<i aria-hidden=\"true\" class=\"fas fa-comments\"><\/i>\t\t\t<\/span>\n\t\t\t\t\t\t\t\t\t<span class=\"elementor-button-text\">CONTACTA CON NOSOTROS<\/span>\n\t\t\t\t\t<\/span>\n\t\t\t\t\t<\/a>\n\t\t\t\t<\/div>\n\t\t\t\t\t\t\t\t<\/div>\n\t\t\t\t<\/div>\n\t\t\t\t<div class=\"elementor-element elementor-element-05ff75c sc_height_huge sc_fly_static elementor-widget elementor-widget-spacer\" data-id=\"05ff75c\" data-element_type=\"widget\" data-widget_type=\"spacer.default\">\n\t\t\t\t<div class=\"elementor-widget-container\">\n\t\t\t\t\t\t\t<div class=\"elementor-spacer\">\n\t\t\t<div class=\"elementor-spacer-inner\"><\/div>\n\t\t<\/div>\n\t\t\t\t\t\t<\/div>\n\t\t\t\t<\/div>\n\t\t\t\t<div class=\"elementor-element elementor-element-024f20a sc_layouts_hide_on_mobile sc_layouts_hide_on_tablet sc_fly_static elementor-widget elementor-widget-spacer\" data-id=\"024f20a\" data-element_type=\"widget\" data-widget_type=\"spacer.default\">\n\t\t\t\t<div class=\"elementor-widget-container\">\n\t\t\t\t\t\t\t<div class=\"elementor-spacer\">\n\t\t\t<div class=\"elementor-spacer-inner\"><\/div>\n\t\t<\/div>\n\t\t\t\t\t\t<\/div>\n\t\t\t\t<\/div>\n\t\t\t\t\t<\/div>\n\t\t<\/div>\n\t\t\t\t\t<\/div>\n\t\t<\/section>\n\t\t\t\t<\/div>\n\t\t","protected":false},"excerpt":{"rendered":"<p>SOBRE NOSOTROS Expertos Tostadores Desde hace ya m\u00e1s de 70 a\u00f1os, en CAF\u00c9S CIVIT dirigimos nuestros esfuerzos diarios a conseguir un producto de la m\u00e1s alta calidad, ofreciendo, adem\u00e1s, un&hellip;<\/p>","protected":false},"author":2,"featured_media":0,"parent":0,"menu_order":0,"comment_status":"closed","ping_status":"closed","template":"","meta":{"footnotes":""},"_links":{"self":[{"href":"https:\/\/cafescivit.com\/ca\/wp-json\/wp\/v2\/pages\/3750"}],"collection":[{"href":"https:\/\/cafescivit.com\/ca\/wp-json\/wp\/v2\/pages"}],"about":[{"href":"https:\/\/cafescivit.com\/ca\/wp-json\/wp\/v2\/types\/page"}],"author":[{"embeddable":true,"href":"https:\/\/cafescivit.com\/ca\/wp-json\/wp\/v2\/users\/2"}],"replies":[{"embeddable":true,"href":"https:\/\/cafescivit.com\/ca\/wp-json\/wp\/v2\/comments?post=3750"}],"version-history":[{"count":43,"href":"https:\/\/cafescivit.com\/ca\/wp-json\/wp\/v2\/pages\/3750\/revisions"}],"predecessor-version":[{"id":20881,"href":"https:\/\/cafescivit.com\/ca\/wp-json\/wp\/v2\/pages\/3750\/revisions\/20881"}],"wp:attachment":[{"href":"https:\/\/cafescivit.com\/ca\/wp-json\/wp\/v2\/media?parent=3750"}],"curies":[{"name":"wp","href":"https:\/\/api.w.org\/{rel}","templated":true}]}}