{"id":20998,"date":"2023-04-04T12:45:56","date_gmt":"2023-04-04T10:45:56","guid":{"rendered":"https:\/\/cafescivit.com\/?post_type=product&#038;p=20998"},"modified":"2026-03-11T13:00:18","modified_gmt":"2026-03-11T12:00:18","slug":"cafe-dekaf","status":"publish","type":"product","link":"https:\/\/cafescivit.com\/ca\/producte\/cafe-dekaf\/","title":{"rendered":"Caf\u00e9 Dekaf Natural \u00b7 500g"},"content":{"rendered":"<p>Caf\u00e9 descafeinado 100% natural en formato 500g<\/p>","protected":false},"excerpt":{"rendered":"<div class=\"page\" title=\"Page 4\">\n<div class=\"section\">\n<div class=\"layoutArea\">\n<div class=\"column\">\n<div class=\"page\" title=\"Page 4\">\n<div class=\"section\">\n<div class=\"layoutArea\">\n<div class=\"column\">\n<div class=\"page\" title=\"Page 4\">\n<div class=\"section\">\n<div class=\"layoutArea\">\n<div class=\"column\">\n<p>El caf\u00e8 descafe\u00efnat \u00e9s una opci\u00f3 per a tots aquells amants del caf\u00e8 que no poden prendre cafe\u00efna, torrat de manera tradicional. Barreja equilibrada de caf\u00e8s que aporten el sabor i aroma del millor caf\u00e8.<\/p>\n<\/div>\n<\/div>\n<\/div>\n<\/div>\n<\/div>\n<\/div>\n<\/div>\n<\/div>\n<p><strong>Caf\u00e8 descafe\u00efnat 100% de torrat natural<\/strong>. Env\u00e0s de 1kg.<\/p>\n<\/div>\n<\/div>\n<\/div>\n<\/div>","protected":false},"featured_media":21161,"template":"","meta":[],"product_cat":[183],"product_tag":[185,184],"_links":{"self":[{"href":"https:\/\/cafescivit.com\/ca\/wp-json\/wp\/v2\/product\/20998"}],"collection":[{"href":"https:\/\/cafescivit.com\/ca\/wp-json\/wp\/v2\/product"}],"about":[{"href":"https:\/\/cafescivit.com\/ca\/wp-json\/wp\/v2\/types\/product"}],"wp:featuredmedia":[{"embeddable":true,"href":"https:\/\/cafescivit.com\/ca\/wp-json\/wp\/v2\/media\/21161"}],"wp:attachment":[{"href":"https:\/\/cafescivit.com\/ca\/wp-json\/wp\/v2\/media?parent=20998"}],"wp:term":[{"taxonomy":"product_cat","embeddable":true,"href":"https:\/\/cafescivit.com\/ca\/wp-json\/wp\/v2\/product_cat?post=20998"},{"taxonomy":"product_tag","embeddable":true,"href":"https:\/\/cafescivit.com\/ca\/wp-json\/wp\/v2\/product_tag?post=20998"}],"curies":[{"name":"wp","href":"https:\/\/api.w.org\/{rel}","templated":true}]}}