{"id":20999,"date":"2023-04-03T15:12:01","date_gmt":"2023-04-03T13:12:01","guid":{"rendered":"https:\/\/cafescivit.com\/?post_type=product&#038;p=20999"},"modified":"2026-03-11T12:58:50","modified_gmt":"2026-03-11T11:58:50","slug":"cafe-express-mezcla","status":"publish","type":"product","link":"https:\/\/cafescivit.com\/ca\/producte\/cafe-express-mezcla\/","title":{"rendered":"Caf\u00e9 Express Mezcla \u00b7 1kg"},"content":{"rendered":"<p>Caf\u00e8 80%-20% barreja en format 1kg.<\/p>","protected":false},"excerpt":{"rendered":"<div class=\"page\" title=\"Page 4\">\n<div class=\"section\">\n<div class=\"layoutArea\">\n<div class=\"column\">\n<p>Les diferents proced\u00e8ncies de la mescla estan perfectament combinades per real\u00e7ar les caracter\u00edstiques de cada gra. Aquesta tassa ens permet gaudir de tot el cos i marcada identitat, amb un toc d'acidesa i aroma penetrant.<\/p>\n<p><strong>Caf\u00e8 80%-20% barreja<\/strong>. Env\u00e0s de 1kg.<\/p>\n<\/div>\n<\/div>\n<\/div>\n<\/div>","protected":false},"featured_media":20993,"template":"","meta":[],"product_cat":[183],"product_tag":[186],"_links":{"self":[{"href":"https:\/\/cafescivit.com\/ca\/wp-json\/wp\/v2\/product\/20999"}],"collection":[{"href":"https:\/\/cafescivit.com\/ca\/wp-json\/wp\/v2\/product"}],"about":[{"href":"https:\/\/cafescivit.com\/ca\/wp-json\/wp\/v2\/types\/product"}],"wp:featuredmedia":[{"embeddable":true,"href":"https:\/\/cafescivit.com\/ca\/wp-json\/wp\/v2\/media\/20993"}],"wp:attachment":[{"href":"https:\/\/cafescivit.com\/ca\/wp-json\/wp\/v2\/media?parent=20999"}],"wp:term":[{"taxonomy":"product_cat","embeddable":true,"href":"https:\/\/cafescivit.com\/ca\/wp-json\/wp\/v2\/product_cat?post=20999"},{"taxonomy":"product_tag","embeddable":true,"href":"https:\/\/cafescivit.com\/ca\/wp-json\/wp\/v2\/product_tag?post=20999"}],"curies":[{"name":"wp","href":"https:\/\/api.w.org\/{rel}","templated":true}]}}