{"id":21001,"date":"2023-04-03T15:13:36","date_gmt":"2023-04-03T13:13:36","guid":{"rendered":"https:\/\/cafescivit.com\/?post_type=product&#038;p=21001"},"modified":"2026-03-11T12:16:41","modified_gmt":"2026-03-11T11:16:41","slug":"cafe-crema-mezcla","status":"publish","type":"product","link":"https:\/\/cafescivit.com\/ca\/producte\/cafe-crema-mezcla\/","title":{"rendered":"Caf\u00e9 Crema Mezcla \u00b7 1kg"},"content":{"rendered":"<p>Caf\u00e8 80%-20% barreja en format 1kg.<\/p>","protected":false},"excerpt":{"rendered":"<div class=\"page\" title=\"Page 4\">\n<div class=\"section\">\n<div class=\"layoutArea\">\n<div class=\"column\">\n<div class=\"page\" title=\"Page 4\">\n<div class=\"section\">\n<div class=\"layoutArea\">\n<div class=\"column\">\n<p>Aquest caf\u00e8 destaca per la seva forta personalitat i el sabor intens. Amb cos i crema abundant, aporta una tassa d'aroma pronunciada i gran car\u00e0cter. Per als amants del caf\u00e8 m\u00e9s fort, ideal per al caf\u00e8 amb llet.<\/p>\n<\/div>\n<\/div>\n<\/div>\n<\/div>\n<p><strong>Caf\u00e8 100% de torrat natural<\/strong>. Env\u00e0s de 1kg.<\/p>\n<\/div>\n<\/div>\n<\/div>\n<\/div>","protected":false},"featured_media":20991,"template":"","meta":[],"product_cat":[183],"product_tag":[184],"_links":{"self":[{"href":"https:\/\/cafescivit.com\/ca\/wp-json\/wp\/v2\/product\/21001"}],"collection":[{"href":"https:\/\/cafescivit.com\/ca\/wp-json\/wp\/v2\/product"}],"about":[{"href":"https:\/\/cafescivit.com\/ca\/wp-json\/wp\/v2\/types\/product"}],"wp:featuredmedia":[{"embeddable":true,"href":"https:\/\/cafescivit.com\/ca\/wp-json\/wp\/v2\/media\/20991"}],"wp:attachment":[{"href":"https:\/\/cafescivit.com\/ca\/wp-json\/wp\/v2\/media?parent=21001"}],"wp:term":[{"taxonomy":"product_cat","embeddable":true,"href":"https:\/\/cafescivit.com\/ca\/wp-json\/wp\/v2\/product_cat?post=21001"},{"taxonomy":"product_tag","embeddable":true,"href":"https:\/\/cafescivit.com\/ca\/wp-json\/wp\/v2\/product_tag?post=21001"}],"curies":[{"name":"wp","href":"https:\/\/api.w.org\/{rel}","templated":true}]}}