{"id":21002,"date":"2023-04-05T15:00:06","date_gmt":"2023-04-05T13:00:06","guid":{"rendered":"https:\/\/cafescivit.com\/?post_type=product&#038;p=21002"},"modified":"2023-04-25T14:28:18","modified_gmt":"2023-04-25T12:28:18","slug":"cafe-kalahari","status":"publish","type":"product","link":"https:\/\/cafescivit.com\/ca\/producte\/cafe-kalahari\/","title":{"rendered":"Caf\u00e9 Kalahari Natural Ar\u00e1bica Eco \u00b7 1kg"},"content":{"rendered":"<p>Caf\u00e8 ar\u00e0bica 100% natural ress\u00f2 en format 1kg.<\/p>","protected":false},"excerpt":{"rendered":"<div class=\"page\" title=\"Page 4\">\n<div class=\"section\">\n<div class=\"layoutArea\">\n<div class=\"column\">\n<div class=\"page\" title=\"Page 4\">\n<div class=\"section\">\n<div class=\"layoutArea\">\n<div class=\"column\">\n<p>Caf\u00e8 natural 100% ar\u00e0bica i org\u00e0nic. Posseeix cos i un profund sabor amb notes de xocolata. Els seus perfils sensorials s\u00f3n els m\u00e9s alts. El certificat oficial d'org\u00e0nic en garanteix el cultiu sense cap tipus d'adob ni pesticida qu\u00edmic.<\/p>\n<\/div>\n<\/div>\n<\/div>\n<\/div>\n<p><strong>Caf\u00e8 ar\u00e0biga 100% natural ecol\u00f2gic<\/strong>. Torrat fosc. Env\u00e0s de 1kg.<\/p>\n<\/div>\n<\/div>\n<\/div>\n<\/div>","protected":false},"featured_media":21004,"template":"","meta":[],"product_cat":[183],"product_tag":[88,187,184],"_links":{"self":[{"href":"https:\/\/cafescivit.com\/ca\/wp-json\/wp\/v2\/product\/21002"}],"collection":[{"href":"https:\/\/cafescivit.com\/ca\/wp-json\/wp\/v2\/product"}],"about":[{"href":"https:\/\/cafescivit.com\/ca\/wp-json\/wp\/v2\/types\/product"}],"wp:featuredmedia":[{"embeddable":true,"href":"https:\/\/cafescivit.com\/ca\/wp-json\/wp\/v2\/media\/21004"}],"wp:attachment":[{"href":"https:\/\/cafescivit.com\/ca\/wp-json\/wp\/v2\/media?parent=21002"}],"wp:term":[{"taxonomy":"product_cat","embeddable":true,"href":"https:\/\/cafescivit.com\/ca\/wp-json\/wp\/v2\/product_cat?post=21002"},{"taxonomy":"product_tag","embeddable":true,"href":"https:\/\/cafescivit.com\/ca\/wp-json\/wp\/v2\/product_tag?post=21002"}],"curies":[{"name":"wp","href":"https:\/\/api.w.org\/{rel}","templated":true}]}}