{"id":21012,"date":"2023-04-04T16:13:52","date_gmt":"2023-04-04T14:13:52","guid":{"rendered":"https:\/\/cafescivit.com\/?post_type=product&#038;p=21012"},"modified":"2026-03-11T12:18:11","modified_gmt":"2026-03-11T11:18:11","slug":"decaf-sobres","status":"publish","type":"product","link":"https:\/\/cafescivit.com\/ca\/producte\/decaf-sobres\/","title":{"rendered":"Descafeinado en Sobres | Caf\u00e9 molido de m\u00e1quina \u00b7 60 uds."},"content":{"rendered":"<p>Sobres de caf\u00e9 descafeinado molido de m\u00e1quina. Formato de 60 unidades.<\/p>","protected":false},"excerpt":{"rendered":"<div class=\"page\" title=\"Page 4\">\n<div class=\"section\">\n<div class=\"layoutArea\">\n<div class=\"column\">\n<div class=\"page\" title=\"Page 4\">\n<div class=\"section\">\n<div class=\"layoutArea\">\n<div class=\"column\">\n<p>Sobres de caf\u00e9 descafeinado molido de m\u00e1quina, 100% natural. Perfectos para m\u00e1quinas expresso.<\/p>\n<p>Formato monodosis de 60 unidades.<\/p>\n<\/div>\n<\/div>\n<\/div>\n<\/div>\n<\/div>\n<\/div>\n<\/div>\n<\/div>","protected":false},"featured_media":21013,"template":"","meta":[],"product_cat":[188],"product_tag":[185,184],"_links":{"self":[{"href":"https:\/\/cafescivit.com\/ca\/wp-json\/wp\/v2\/product\/21012"}],"collection":[{"href":"https:\/\/cafescivit.com\/ca\/wp-json\/wp\/v2\/product"}],"about":[{"href":"https:\/\/cafescivit.com\/ca\/wp-json\/wp\/v2\/types\/product"}],"wp:featuredmedia":[{"embeddable":true,"href":"https:\/\/cafescivit.com\/ca\/wp-json\/wp\/v2\/media\/21013"}],"wp:attachment":[{"href":"https:\/\/cafescivit.com\/ca\/wp-json\/wp\/v2\/media?parent=21012"}],"wp:term":[{"taxonomy":"product_cat","embeddable":true,"href":"https:\/\/cafescivit.com\/ca\/wp-json\/wp\/v2\/product_cat?post=21012"},{"taxonomy":"product_tag","embeddable":true,"href":"https:\/\/cafescivit.com\/ca\/wp-json\/wp\/v2\/product_tag?post=21012"}],"curies":[{"name":"wp","href":"https:\/\/api.w.org\/{rel}","templated":true}]}}