{"id":21029,"date":"2023-04-05T16:41:51","date_gmt":"2023-04-05T14:41:51","guid":{"rendered":"https:\/\/cafescivit.com\/?post_type=product&#038;p=21029"},"modified":"2024-05-06T14:12:33","modified_gmt":"2024-05-06T12:12:33","slug":"civite-frutas-bosque","status":"publish","type":"product","link":"https:\/\/cafescivit.com\/ca\/producte\/civite-frutas-bosque\/","title":{"rendered":"Civit\u00e9 Frutas del Bosque \u00b7 30 bolsitas"},"content":{"rendered":"<p>Infusi\u00f3n Frutas del Bosque.<\/p>","protected":false},"excerpt":{"rendered":"<div class=\"page\" title=\"Page 4\">\n<div class=\"section\">\n<div class=\"layoutArea\">\n<div class=\"column\">\n<div class=\"page\" title=\"Page 4\">\n<div class=\"section\">\n<div class=\"layoutArea\">\n<div class=\"column\">\n<p>Infusi\u00f3n Frutas del Bosque. Lata met\u00e1lica con 30 bolsitas en formato pir\u00e1mide.<\/p>\n<\/div>\n<\/div>\n<\/div>\n<\/div>\n<\/div>\n<\/div>\n<\/div>\n<\/div>","protected":false},"featured_media":21020,"template":"","meta":[],"product_cat":[189],"product_tag":[191],"_links":{"self":[{"href":"https:\/\/cafescivit.com\/ca\/wp-json\/wp\/v2\/product\/21029"}],"collection":[{"href":"https:\/\/cafescivit.com\/ca\/wp-json\/wp\/v2\/product"}],"about":[{"href":"https:\/\/cafescivit.com\/ca\/wp-json\/wp\/v2\/types\/product"}],"wp:featuredmedia":[{"embeddable":true,"href":"https:\/\/cafescivit.com\/ca\/wp-json\/wp\/v2\/media\/21020"}],"wp:attachment":[{"href":"https:\/\/cafescivit.com\/ca\/wp-json\/wp\/v2\/media?parent=21029"}],"wp:term":[{"taxonomy":"product_cat","embeddable":true,"href":"https:\/\/cafescivit.com\/ca\/wp-json\/wp\/v2\/product_cat?post=21029"},{"taxonomy":"product_tag","embeddable":true,"href":"https:\/\/cafescivit.com\/ca\/wp-json\/wp\/v2\/product_tag?post=21029"}],"curies":[{"name":"wp","href":"https:\/\/api.w.org\/{rel}","templated":true}]}}