{"id":21030,"date":"2023-04-05T16:43:09","date_gmt":"2023-04-05T14:43:09","guid":{"rendered":"https:\/\/cafescivit.com\/?post_type=product&#038;p=21030"},"modified":"2025-06-16T14:30:53","modified_gmt":"2025-06-16T12:30:53","slug":"civite-manzanilla","status":"publish","type":"product","link":"https:\/\/cafescivit.com\/ca\/producte\/civite-manzanilla\/","title":{"rendered":"Civit\u00e9 Manzanilla \u00b7 30 bolsitas"},"content":{"rendered":"<p>Infusi\u00f3n de Manzanilla.<\/p>","protected":false},"excerpt":{"rendered":"<div class=\"page\" title=\"Page 4\">\n<div class=\"section\">\n<div class=\"layoutArea\">\n<div class=\"column\">\n<div class=\"page\" title=\"Page 4\">\n<div class=\"section\">\n<div class=\"layoutArea\">\n<div class=\"column\">\n<p>Infusi\u00f3n de manzanilla. Lata met\u00e1lica con 30 bolsitas en formato pir\u00e1mide.<\/p>\n<\/div>\n<\/div>\n<\/div>\n<\/div>\n<\/div>\n<\/div>\n<\/div>\n<\/div>","protected":false},"featured_media":21021,"template":"","meta":[],"product_cat":[189],"product_tag":[192],"_links":{"self":[{"href":"https:\/\/cafescivit.com\/ca\/wp-json\/wp\/v2\/product\/21030"}],"collection":[{"href":"https:\/\/cafescivit.com\/ca\/wp-json\/wp\/v2\/product"}],"about":[{"href":"https:\/\/cafescivit.com\/ca\/wp-json\/wp\/v2\/types\/product"}],"wp:featuredmedia":[{"embeddable":true,"href":"https:\/\/cafescivit.com\/ca\/wp-json\/wp\/v2\/media\/21021"}],"wp:attachment":[{"href":"https:\/\/cafescivit.com\/ca\/wp-json\/wp\/v2\/media?parent=21030"}],"wp:term":[{"taxonomy":"product_cat","embeddable":true,"href":"https:\/\/cafescivit.com\/ca\/wp-json\/wp\/v2\/product_cat?post=21030"},{"taxonomy":"product_tag","embeddable":true,"href":"https:\/\/cafescivit.com\/ca\/wp-json\/wp\/v2\/product_tag?post=21030"}],"curies":[{"name":"wp","href":"https:\/\/api.w.org\/{rel}","templated":true}]}}