{"id":21031,"date":"2023-04-05T16:44:41","date_gmt":"2023-04-05T14:44:41","guid":{"rendered":"https:\/\/cafescivit.com\/?post_type=product&#038;p=21031"},"modified":"2025-06-16T14:29:43","modified_gmt":"2025-06-16T12:29:43","slug":"civite-menta-poleo","status":"publish","type":"product","link":"https:\/\/cafescivit.com\/ca\/producte\/civite-menta-poleo\/","title":{"rendered":"Civit\u00e9 Menta Poleo \u00b7 30 bolsitas"},"content":{"rendered":"<p>Infusi\u00f3n de Menta Poleo.<\/p>","protected":false},"excerpt":{"rendered":"<div class=\"page\" title=\"Page 4\">\n<div class=\"section\">\n<div class=\"layoutArea\">\n<div class=\"column\">\n<div class=\"page\" title=\"Page 4\">\n<div class=\"section\">\n<div class=\"layoutArea\">\n<div class=\"column\">\n<p>Infusi\u00f3n de menta poleo. Lata met\u00e1lica con 30 bolsitas en formato pir\u00e1mide.<\/p>\n<\/div>\n<\/div>\n<\/div>\n<\/div>\n<\/div>\n<\/div>\n<\/div>\n<\/div>","protected":false},"featured_media":21022,"template":"","meta":[],"product_cat":[189],"product_tag":[193],"_links":{"self":[{"href":"https:\/\/cafescivit.com\/ca\/wp-json\/wp\/v2\/product\/21031"}],"collection":[{"href":"https:\/\/cafescivit.com\/ca\/wp-json\/wp\/v2\/product"}],"about":[{"href":"https:\/\/cafescivit.com\/ca\/wp-json\/wp\/v2\/types\/product"}],"wp:featuredmedia":[{"embeddable":true,"href":"https:\/\/cafescivit.com\/ca\/wp-json\/wp\/v2\/media\/21022"}],"wp:attachment":[{"href":"https:\/\/cafescivit.com\/ca\/wp-json\/wp\/v2\/media?parent=21031"}],"wp:term":[{"taxonomy":"product_cat","embeddable":true,"href":"https:\/\/cafescivit.com\/ca\/wp-json\/wp\/v2\/product_cat?post=21031"},{"taxonomy":"product_tag","embeddable":true,"href":"https:\/\/cafescivit.com\/ca\/wp-json\/wp\/v2\/product_tag?post=21031"}],"curies":[{"name":"wp","href":"https:\/\/api.w.org\/{rel}","templated":true}]}}