{"id":21032,"date":"2023-04-05T16:49:35","date_gmt":"2023-04-05T14:49:35","guid":{"rendered":"https:\/\/cafescivit.com\/?post_type=product&#038;p=21032"},"modified":"2024-05-06T14:12:24","modified_gmt":"2024-05-06T12:12:24","slug":"civite-relax","status":"publish","type":"product","link":"https:\/\/cafescivit.com\/ca\/producte\/civite-relax\/","title":{"rendered":"Civit\u00e9 Relax \u00b7 30 bolsitas"},"content":{"rendered":"<p>Infusi\u00f3n Relax.<\/p>","protected":false},"excerpt":{"rendered":"<div class=\"page\" title=\"Page 4\">\n<div class=\"section\">\n<div class=\"layoutArea\">\n<div class=\"column\">\n<div class=\"page\" title=\"Page 4\">\n<div class=\"section\">\n<div class=\"layoutArea\">\n<div class=\"column\">\n<p>Infusi\u00f3n relax. Lata met\u00e1lica con 30 bolsitas en formato pir\u00e1mide.<\/p>\n<\/div>\n<\/div>\n<\/div>\n<\/div>\n<\/div>\n<\/div>\n<\/div>\n<\/div>","protected":false},"featured_media":21023,"template":"","meta":[],"product_cat":[189],"product_tag":[194],"_links":{"self":[{"href":"https:\/\/cafescivit.com\/ca\/wp-json\/wp\/v2\/product\/21032"}],"collection":[{"href":"https:\/\/cafescivit.com\/ca\/wp-json\/wp\/v2\/product"}],"about":[{"href":"https:\/\/cafescivit.com\/ca\/wp-json\/wp\/v2\/types\/product"}],"wp:featuredmedia":[{"embeddable":true,"href":"https:\/\/cafescivit.com\/ca\/wp-json\/wp\/v2\/media\/21023"}],"wp:attachment":[{"href":"https:\/\/cafescivit.com\/ca\/wp-json\/wp\/v2\/media?parent=21032"}],"wp:term":[{"taxonomy":"product_cat","embeddable":true,"href":"https:\/\/cafescivit.com\/ca\/wp-json\/wp\/v2\/product_cat?post=21032"},{"taxonomy":"product_tag","embeddable":true,"href":"https:\/\/cafescivit.com\/ca\/wp-json\/wp\/v2\/product_tag?post=21032"}],"curies":[{"name":"wp","href":"https:\/\/api.w.org\/{rel}","templated":true}]}}