{"id":21037,"date":"2023-04-05T16:58:05","date_gmt":"2023-04-05T14:58:05","guid":{"rendered":"https:\/\/cafescivit.com\/?post_type=product&#038;p=21037"},"modified":"2024-05-06T14:11:49","modified_gmt":"2024-05-06T12:11:49","slug":"civite-verde","status":"publish","type":"product","link":"https:\/\/cafescivit.com\/ca\/producte\/civite-verde\/","title":{"rendered":"Civit\u00e9 T\u00e9 Verde \u00b7 30 bolsitas"},"content":{"rendered":"<p>T\u00e9 verde.<\/p>","protected":false},"excerpt":{"rendered":"<div class=\"page\" title=\"Page 4\">\n<div class=\"section\">\n<div class=\"layoutArea\">\n<div class=\"column\">\n<div class=\"page\" title=\"Page 4\">\n<div class=\"section\">\n<div class=\"layoutArea\">\n<div class=\"column\">\n<p>T\u00e9 verde China Gunpowder. Lata met\u00e1lica con 30 bolsitas en formato pir\u00e1mide.<\/p>\n<\/div>\n<\/div>\n<\/div>\n<\/div>\n<\/div>\n<\/div>\n<\/div>\n<\/div>","protected":false},"featured_media":21028,"template":"","meta":[],"product_cat":[189],"product_tag":[202],"_links":{"self":[{"href":"https:\/\/cafescivit.com\/ca\/wp-json\/wp\/v2\/product\/21037"}],"collection":[{"href":"https:\/\/cafescivit.com\/ca\/wp-json\/wp\/v2\/product"}],"about":[{"href":"https:\/\/cafescivit.com\/ca\/wp-json\/wp\/v2\/types\/product"}],"wp:featuredmedia":[{"embeddable":true,"href":"https:\/\/cafescivit.com\/ca\/wp-json\/wp\/v2\/media\/21028"}],"wp:attachment":[{"href":"https:\/\/cafescivit.com\/ca\/wp-json\/wp\/v2\/media?parent=21037"}],"wp:term":[{"taxonomy":"product_cat","embeddable":true,"href":"https:\/\/cafescivit.com\/ca\/wp-json\/wp\/v2\/product_cat?post=21037"},{"taxonomy":"product_tag","embeddable":true,"href":"https:\/\/cafescivit.com\/ca\/wp-json\/wp\/v2\/product_tag?post=21037"}],"curies":[{"name":"wp","href":"https:\/\/api.w.org\/{rel}","templated":true}]}}