{"id":21053,"date":"2023-04-10T10:45:52","date_gmt":"2023-04-10T08:45:52","guid":{"rendered":"https:\/\/cafescivit.com\/?post_type=product&#038;p=21053"},"modified":"2025-06-13T11:51:17","modified_gmt":"2025-06-13T09:51:17","slug":"latte-cappuccino","status":"publish","type":"product","link":"https:\/\/cafescivit.com\/ca\/producte\/latte-cappuccino\/","title":{"rendered":"Caf\u00e9 Latte Cappuccino \u00b7 Pack 10 uds."},"content":{"rendered":"<p>Caf\u00e9 latte cappuccino listo para tomar.<\/p>","protected":false},"excerpt":{"rendered":"<div class=\"page\" title=\"Page 4\">\n<div class=\"section\">\n<div class=\"layoutArea\">\n<div class=\"column\">\n<div class=\"page\" title=\"Page 4\">\n<div class=\"section\">\n<div class=\"layoutArea\">\n<div class=\"column\">\n<p>Caf\u00e9 fr\u00edo Latte Cappuccino listo para tomar. Combinaci\u00f3n perfecta de tres ingredientes fundamentales: caf\u00e9, leche y cacao.<\/p>\n<p>Vaso de 200ml. Pack de 10 unidades.<\/p>\n<\/div>\n<\/div>\n<\/div>\n<\/div>\n<\/div>\n<\/div>\n<\/div>\n<\/div>","protected":false},"featured_media":21042,"template":"","meta":[],"product_cat":[208],"product_tag":[210,79,209],"_links":{"self":[{"href":"https:\/\/cafescivit.com\/ca\/wp-json\/wp\/v2\/product\/21053"}],"collection":[{"href":"https:\/\/cafescivit.com\/ca\/wp-json\/wp\/v2\/product"}],"about":[{"href":"https:\/\/cafescivit.com\/ca\/wp-json\/wp\/v2\/types\/product"}],"wp:featuredmedia":[{"embeddable":true,"href":"https:\/\/cafescivit.com\/ca\/wp-json\/wp\/v2\/media\/21042"}],"wp:attachment":[{"href":"https:\/\/cafescivit.com\/ca\/wp-json\/wp\/v2\/media?parent=21053"}],"wp:term":[{"taxonomy":"product_cat","embeddable":true,"href":"https:\/\/cafescivit.com\/ca\/wp-json\/wp\/v2\/product_cat?post=21053"},{"taxonomy":"product_tag","embeddable":true,"href":"https:\/\/cafescivit.com\/ca\/wp-json\/wp\/v2\/product_tag?post=21053"}],"curies":[{"name":"wp","href":"https:\/\/api.w.org\/{rel}","templated":true}]}}