{"id":21055,"date":"2023-04-10T10:56:44","date_gmt":"2023-04-10T08:56:44","guid":{"rendered":"https:\/\/cafescivit.com\/?post_type=product&#038;p=21055"},"modified":"2025-06-13T11:51:10","modified_gmt":"2025-06-13T09:51:10","slug":"latte-macchiato","status":"publish","type":"product","link":"https:\/\/cafescivit.com\/ca\/producte\/latte-macchiato\/","title":{"rendered":"Caf\u00e9 Latte Macchiato \u00b7 Pack 10 uds."},"content":{"rendered":"<p>Caf\u00e9 latte macchiato listo para tomar.<\/p>","protected":false},"excerpt":{"rendered":"<div class=\"page\" title=\"Page 4\">\n<div class=\"section\">\n<div class=\"layoutArea\">\n<div class=\"column\">\n<div class=\"page\" title=\"Page 4\">\n<div class=\"section\">\n<div class=\"layoutArea\">\n<div class=\"column\">\n<p>Caf\u00e9 fr\u00edo Latte Macchiato listo para tomar. En su sabor y textura se aprecia toda la cremosidad que caracteriza a este caf\u00e9.<\/p>\n<p>Vaso de 200ml. Pack de 10 unidades.<\/p>\n<\/div>\n<\/div>\n<\/div>\n<\/div>\n<\/div>\n<\/div>\n<\/div>\n<\/div>","protected":false},"featured_media":21044,"template":"","meta":[],"product_cat":[208],"product_tag":[210,211,209],"_links":{"self":[{"href":"https:\/\/cafescivit.com\/ca\/wp-json\/wp\/v2\/product\/21055"}],"collection":[{"href":"https:\/\/cafescivit.com\/ca\/wp-json\/wp\/v2\/product"}],"about":[{"href":"https:\/\/cafescivit.com\/ca\/wp-json\/wp\/v2\/types\/product"}],"wp:featuredmedia":[{"embeddable":true,"href":"https:\/\/cafescivit.com\/ca\/wp-json\/wp\/v2\/media\/21044"}],"wp:attachment":[{"href":"https:\/\/cafescivit.com\/ca\/wp-json\/wp\/v2\/media?parent=21055"}],"wp:term":[{"taxonomy":"product_cat","embeddable":true,"href":"https:\/\/cafescivit.com\/ca\/wp-json\/wp\/v2\/product_cat?post=21055"},{"taxonomy":"product_tag","embeddable":true,"href":"https:\/\/cafescivit.com\/ca\/wp-json\/wp\/v2\/product_tag?post=21055"}],"curies":[{"name":"wp","href":"https:\/\/api.w.org\/{rel}","templated":true}]}}