{"id":21164,"date":"2023-04-25T12:36:37","date_gmt":"2023-04-25T10:36:37","guid":{"rendered":"https:\/\/cafescivit.com\/?post_type=product&#038;p=21164"},"modified":"2025-03-27T10:15:53","modified_gmt":"2025-03-27T09:15:53","slug":"colombia-supremo","status":"publish","type":"product","link":"https:\/\/cafescivit.com\/ca\/producte\/colombia-supremo\/","title":{"rendered":"Colombia Supremo \u00b7 250g"},"content":{"rendered":"<p>Caf\u00e9 en grano Colombia Supremo.<\/p>","protected":false},"excerpt":{"rendered":"<p>Caf\u00e9 en grano Colombia Supremo. Un caf\u00e9 con un aroma incre\u00edble y notas de vainilla, frutal y floral.<\/p>\n<p>Paquete de 250 gramos.<\/p>","protected":false},"featured_media":21165,"template":"","meta":[],"product_cat":[183,212],"product_tag":[184],"_links":{"self":[{"href":"https:\/\/cafescivit.com\/ca\/wp-json\/wp\/v2\/product\/21164"}],"collection":[{"href":"https:\/\/cafescivit.com\/ca\/wp-json\/wp\/v2\/product"}],"about":[{"href":"https:\/\/cafescivit.com\/ca\/wp-json\/wp\/v2\/types\/product"}],"wp:featuredmedia":[{"embeddable":true,"href":"https:\/\/cafescivit.com\/ca\/wp-json\/wp\/v2\/media\/21165"}],"wp:attachment":[{"href":"https:\/\/cafescivit.com\/ca\/wp-json\/wp\/v2\/media?parent=21164"}],"wp:term":[{"taxonomy":"product_cat","embeddable":true,"href":"https:\/\/cafescivit.com\/ca\/wp-json\/wp\/v2\/product_cat?post=21164"},{"taxonomy":"product_tag","embeddable":true,"href":"https:\/\/cafescivit.com\/ca\/wp-json\/wp\/v2\/product_tag?post=21164"}],"curies":[{"name":"wp","href":"https:\/\/api.w.org\/{rel}","templated":true}]}}