{"id":21170,"date":"2023-04-25T12:42:11","date_gmt":"2023-04-25T10:42:11","guid":{"rendered":"https:\/\/cafescivit.com\/?post_type=product&#038;p=21170"},"modified":"2025-11-10T14:25:03","modified_gmt":"2025-11-10T13:25:03","slug":"honduras-shg-fancy","status":"publish","type":"product","link":"https:\/\/cafescivit.com\/ca\/producte\/honduras-shg-fancy\/","title":{"rendered":"Honduras SHG Fancy \u00b7 250g"},"content":{"rendered":"<p>Caf\u00e9 en grano Honduras SHG Fancy.<\/p>","protected":false},"excerpt":{"rendered":"<p>Caf\u00e9 en grano Honduras SHG Fancy. Un caf\u00e9 arom\u00e1tico con una acidez alta y notas frutales y a vainilla.<\/p>\n<p>Paquete de 250 gramos.<\/p>","protected":false},"featured_media":21171,"template":"","meta":[],"product_cat":[183,212],"product_tag":[184],"_links":{"self":[{"href":"https:\/\/cafescivit.com\/ca\/wp-json\/wp\/v2\/product\/21170"}],"collection":[{"href":"https:\/\/cafescivit.com\/ca\/wp-json\/wp\/v2\/product"}],"about":[{"href":"https:\/\/cafescivit.com\/ca\/wp-json\/wp\/v2\/types\/product"}],"wp:featuredmedia":[{"embeddable":true,"href":"https:\/\/cafescivit.com\/ca\/wp-json\/wp\/v2\/media\/21171"}],"wp:attachment":[{"href":"https:\/\/cafescivit.com\/ca\/wp-json\/wp\/v2\/media?parent=21170"}],"wp:term":[{"taxonomy":"product_cat","embeddable":true,"href":"https:\/\/cafescivit.com\/ca\/wp-json\/wp\/v2\/product_cat?post=21170"},{"taxonomy":"product_tag","embeddable":true,"href":"https:\/\/cafescivit.com\/ca\/wp-json\/wp\/v2\/product_tag?post=21170"}],"curies":[{"name":"wp","href":"https:\/\/api.w.org\/{rel}","templated":true}]}}