{"id":21174,"date":"2023-04-25T12:47:24","date_gmt":"2023-04-25T10:47:24","guid":{"rendered":"https:\/\/cafescivit.com\/?post_type=product&#038;p=21174"},"modified":"2025-11-10T14:24:04","modified_gmt":"2025-11-10T13:24:04","slug":"colombia-supremo-decaf","status":"publish","type":"product","link":"https:\/\/cafescivit.com\/ca\/producte\/colombia-supremo-decaf\/","title":{"rendered":"Colombia Supremo Descafeinado \u00b7 250g"},"content":{"rendered":"<p>Caf\u00e9 en grano Colombia Supremo Descafeinado.<\/p>","protected":false},"excerpt":{"rendered":"<p>Caf\u00e9 en grano Colombia Supremo Descafeinado. Un caf\u00e9 untuoso e intenso. Lo mejor del caf\u00e9, sin cafe\u00edna.<\/p>\n<p><span style=\"font-family: Barlow; font-size: 17px; letter-spacing: 0px;\">Paquete de 250 gramos.<\/span><\/p>","protected":false},"featured_media":21175,"template":"","meta":[],"product_cat":[183,212],"product_tag":[185,184],"_links":{"self":[{"href":"https:\/\/cafescivit.com\/ca\/wp-json\/wp\/v2\/product\/21174"}],"collection":[{"href":"https:\/\/cafescivit.com\/ca\/wp-json\/wp\/v2\/product"}],"about":[{"href":"https:\/\/cafescivit.com\/ca\/wp-json\/wp\/v2\/types\/product"}],"wp:featuredmedia":[{"embeddable":true,"href":"https:\/\/cafescivit.com\/ca\/wp-json\/wp\/v2\/media\/21175"}],"wp:attachment":[{"href":"https:\/\/cafescivit.com\/ca\/wp-json\/wp\/v2\/media?parent=21174"}],"wp:term":[{"taxonomy":"product_cat","embeddable":true,"href":"https:\/\/cafescivit.com\/ca\/wp-json\/wp\/v2\/product_cat?post=21174"},{"taxonomy":"product_tag","embeddable":true,"href":"https:\/\/cafescivit.com\/ca\/wp-json\/wp\/v2\/product_tag?post=21174"}],"curies":[{"name":"wp","href":"https:\/\/api.w.org\/{rel}","templated":true}]}}