{"id":21176,"date":"2023-04-25T12:51:00","date_gmt":"2023-04-25T10:51:00","guid":{"rendered":"https:\/\/cafescivit.com\/?post_type=product&#038;p=21176"},"modified":"2025-11-10T14:23:53","modified_gmt":"2025-11-10T13:23:53","slug":"mexico-pluma","status":"publish","type":"product","link":"https:\/\/cafescivit.com\/ca\/producte\/mexico-pluma\/","title":{"rendered":"M\u00e9xico Pluma \u00b7 250g"},"content":{"rendered":"<p>Caf\u00e9 en grano M\u00e9xico Pluma.<\/p>","protected":false},"excerpt":{"rendered":"<p>Caf\u00e9 en grano M\u00e9xico Pluma. Un caf\u00e9 intenso con notas frutales y a caramelo.<\/p>\n<p><span style=\"font-family: Barlow; font-size: 17px; letter-spacing: 0px;\">Paquete de 250 gramos.<\/span><\/p>","protected":false},"featured_media":21177,"template":"","meta":[],"product_cat":[183,212],"product_tag":[184],"_links":{"self":[{"href":"https:\/\/cafescivit.com\/ca\/wp-json\/wp\/v2\/product\/21176"}],"collection":[{"href":"https:\/\/cafescivit.com\/ca\/wp-json\/wp\/v2\/product"}],"about":[{"href":"https:\/\/cafescivit.com\/ca\/wp-json\/wp\/v2\/types\/product"}],"wp:featuredmedia":[{"embeddable":true,"href":"https:\/\/cafescivit.com\/ca\/wp-json\/wp\/v2\/media\/21177"}],"wp:attachment":[{"href":"https:\/\/cafescivit.com\/ca\/wp-json\/wp\/v2\/media?parent=21176"}],"wp:term":[{"taxonomy":"product_cat","embeddable":true,"href":"https:\/\/cafescivit.com\/ca\/wp-json\/wp\/v2\/product_cat?post=21176"},{"taxonomy":"product_tag","embeddable":true,"href":"https:\/\/cafescivit.com\/ca\/wp-json\/wp\/v2\/product_tag?post=21176"}],"curies":[{"name":"wp","href":"https:\/\/api.w.org\/{rel}","templated":true}]}}