{"id":21188,"date":"2023-04-25T13:06:16","date_gmt":"2023-04-25T11:06:16","guid":{"rendered":"https:\/\/cafescivit.com\/?post_type=product&#038;p=21188"},"modified":"2025-11-10T14:23:10","modified_gmt":"2025-11-10T13:23:10","slug":"brasil-santos","status":"publish","type":"product","link":"https:\/\/cafescivit.com\/ca\/producte\/brasil-santos\/","title":{"rendered":"Brasil Santos FC Org\u00e1nico UTZ \u00b7 250g"},"content":{"rendered":"<p>Caf\u00e9 en grano Brasil Santos FC Org\u00e1nico UTZ.<\/p>","protected":false},"excerpt":{"rendered":"<p>Caf\u00e9 en grano Brasil Santos FC Org\u00e1nico UTZ. Un caf\u00e9 con notas a especias y nuez.<\/p>\n<p><span style=\"font-family: Barlow; font-size: 17px; letter-spacing: 0px;\">Paquete de 250 gramos.<\/span><\/p>","protected":false},"featured_media":21189,"template":"","meta":[],"product_cat":[183,212],"product_tag":[184],"_links":{"self":[{"href":"https:\/\/cafescivit.com\/ca\/wp-json\/wp\/v2\/product\/21188"}],"collection":[{"href":"https:\/\/cafescivit.com\/ca\/wp-json\/wp\/v2\/product"}],"about":[{"href":"https:\/\/cafescivit.com\/ca\/wp-json\/wp\/v2\/types\/product"}],"wp:featuredmedia":[{"embeddable":true,"href":"https:\/\/cafescivit.com\/ca\/wp-json\/wp\/v2\/media\/21189"}],"wp:attachment":[{"href":"https:\/\/cafescivit.com\/ca\/wp-json\/wp\/v2\/media?parent=21188"}],"wp:term":[{"taxonomy":"product_cat","embeddable":true,"href":"https:\/\/cafescivit.com\/ca\/wp-json\/wp\/v2\/product_cat?post=21188"},{"taxonomy":"product_tag","embeddable":true,"href":"https:\/\/cafescivit.com\/ca\/wp-json\/wp\/v2\/product_tag?post=21188"}],"curies":[{"name":"wp","href":"https:\/\/api.w.org\/{rel}","templated":true}]}}